{"id":390,"date":"2013-12-22T13:41:26","date_gmt":"2013-12-22T11:41:26","guid":{"rendered":"http:\/\/www.borjagutierrez.es\/webdeveloper\/?page_id=390"},"modified":"2014-06-15T12:32:33","modified_gmt":"2014-06-15T10:32:33","slug":"posicionamiento","status":"publish","type":"page","link":"https:\/\/www.borjagutierrez.es\/webdeveloper\/posicionamiento\/","title":{"rendered":"Posicionamiento SEM SEO"},"content":{"rendered":"<div class=\"row\">\n<h1 style=\"text-align: center;\">Posicionamiento SEM SEO<\/h1>\n<div class=\"span12\"><img loading=\"lazy\" decoding=\"async\" class=\"alignleft\" src=\"http:\/\/www.borjagutierrez.es\/webdeveloper\/wp-content\/uploads\/2013\/05\/server2.png\" alt=\"server2\" width=\"252\" height=\"226\" \/><\/p>\n<h4>Empieza a mejorar el posicionamiento de tu web o tienda online en un momento.<\/h4>\n<p>En los \u00faltimos a\u00f1os, los motores de b\u00fasqueda est\u00e1n incorporando nuevas variables que es necesario tomar en cuenta para la optimizaci\u00f3n de un sitio web. B\u00fasquedas locales, o b\u00fasquedas personalizadas son algunos de estos nuevos tipos de posicionamiento.(Wikipedia)<\/p>\n<p>El secreto para un buen posicionamiento no radica s\u00f3lo en expresar de manera adecuada nuestro contenido sino tambi\u00e9n en analizar el contenido de la competencia.<\/p>\n<p>Te ofrecemos dos tipos de posicionamiento SEM(Search Engine Marketing) y SEO(Search Engine Optimization).<br \/>\n<\/div>\n<\/div>\n<div class=\"row\">\n<div class=\"span3\">\n<div class=\"plan-container -plan \">\n<div class=\"plan-head \"><h4>An\u00e1lisis<\/h4><p>An\u00e1lisis SEO<\/p><\/div><!-- plan-head end -->\n\t\t\t<div class=\"plan-body\"><div class=\"plan-price\"><span>Desde 40\u20ac*<\/span><p><\/p><\/div><!-- plan-price end -->\n<ul>\n<li>An\u00e1lisis del sitio web<\/li>\n<li>Informe de evaluaci\u00f3n web externo<\/li>\n<\/ul>\n<a href=\"\/contact\" class=\"button simple medium \" target=\"_self\">Elegir este plan<\/a>\n<\/div><!-- plan-body end -->\n<\/div>\n<\/div>\n<div class=\"span3\">\n<div class=\"plan-container -plan \">\n<div class=\"plan-head \"><h4>Plan inicial<\/h4><p>Mejora del SEO<\/p><\/div><!-- plan-head end -->\n\t\t\t<div class=\"plan-body\"><div class=\"plan-price\"><span>Desde 70\u20ac*<\/span><p><\/p><\/div><!-- plan-price end -->\n<ul>\n<li>An\u00e1lisis del sitio web<\/li>\n<li>Informe de evaluaci\u00f3n web externo<\/li>\n<li>Optimizaci\u00f3n del sitio web<\/li>\n<li>Gu\u00eda de pasos a seguir para mejorar el posionamiento SEO<\/li>\n<\/ul>\n<a href=\"\/contact\" class=\"button simple medium \" target=\"_self\">Elegir este plan<\/a>\n<\/div><!-- plan-body end -->\n<\/div>\n<\/div>\n<div class=\"span3\">\n<div class=\"plan-container featured-plan \">\n<div class=\"plan-head \"><h4>Posionamiento inmediato<\/h4><p>Mediante SEM<\/p><\/div><!-- plan-head end -->\n\t\t\t<div class=\"plan-body\"><div class=\"plan-price\"><span>Desde 100\u20ac*<\/span><p><\/p><\/div><!-- plan-price end -->\n<ul>\n<li>An\u00e1lisis del sitio web<\/li>\n<li>Informe de evaluaci\u00f3n web externo<\/li>\n<li>Optimizaci\u00f3n del sitio web<\/li>\n<li>Gu\u00eda de pasos a seguir para mejorar el posionamiento SEO<\/li>\n<li>Gu\u00eda de pasos a seguir para mejorar el posionamiento SEO<\/li>\n<li>Creaci\u00f3n de campa\u00f1a de publicidad en Google Adwords<\/li>\n<\/ul>\n<a href=\"\/contact\" class=\"button simple medium \" target=\"_self\">Elegir este plan<\/a>\n<\/div><!-- plan-body end -->\n<\/div>\n<\/div>\n<div class=\"span3\">\n<div class=\"plan-container -plan \">\n<div class=\"plan-head \"><h4>Mantenimiento<\/h4><p>Mantenimiento tras SEM<\/p><\/div><!-- plan-head end -->\n\t\t\t<div class=\"plan-body\"><div class=\"plan-price\"><span>50 \u20ac*<\/span><p>al Mes**<\/p><\/div><!-- plan-price end -->\n<ul>\n<li>An\u00e1lisis del sitio web<\/li>\n<li>Informe de evaluaci\u00f3n web externo<\/li>\n<li>Optimizaci\u00f3n del sitio web<\/li>\n<li>Gu\u00eda de pasos a seguir para mejorar el posionamiento SEO<\/li>\n<li>Gu\u00eda de pasos a seguir para mejorar el posionamiento SEO<\/li>\n<li>Creaci\u00f3n de campa\u00f1a de publicidad en Google Adwords<\/li>\n<li>Mantenimiento SEP<\/li>\n<\/ul>\n<a href=\"\/contact\" class=\"button simple medium \" target=\"_self\">Elegir este plan<\/a>\n<\/div><!-- plan-body end -->\n<\/div>\n<\/div>\n<\/div>\n<div class=\"row\">\n<div class=\"span12\">\n<div class=\"well clearfix\">\n<p>No encuentras el plan que buscas\u00a0<strong>Sin problema!\u00a0<\/strong>Crea tu<strong> plan personalizado<\/strong>\u00a0ahora!<\/p>\n<a href=\"\/webdeveloper\/contact\" class=\"button simple medium pull-right\" target=\"_self\">Consultanos por un plan personalizado <i class=\"icon-chevron-right\"><\/i><\/a>\n<\/div>\n<\/div>\n<\/div>\n<div class=\"row\">\n<div class=\"span4\">\n<p><img loading=\"lazy\" decoding=\"async\" src=\"http:\/\/www.borjagutierrez.es\/webdeveloper\/wp-content\/uploads\/2013\/05\/data-center1.png\" alt=\"data-center\" width=\"48\" height=\"48\" \/><\/p>\n<h4>El mejor hardware<\/h4>\n<p><span style=\"font-size: 13px; line-height: 19px;\">Plataforma redundada de alta disponibilidad, compuesta por equipos DELL de alta gama.<\/span><\/p>\n<div>\n<ul>\n<li>Gama alta de servidores DELL\u00a0<img decoding=\"async\" src=\"http:\/\/www.redcoruna.com\/ima\/logos\/iconos-vps.png\" alt=\"\" \/><\/li>\n<li>Ancho de banda 10000 Mbps<\/li>\n<li>Cabinas de backup en RAID 10<\/li>\n<li>Equipos de red CISCO<\/li>\n<li>IPS y CPD geolocalizados en Espa\u00f1a<\/li>\n<\/ul>\n<\/div>\n<p><span style=\"font-size: 13px; line-height: 19px;\"><\/div><\/span><\/p>\n<div class=\"span4\">\n<p><img loading=\"lazy\" decoding=\"async\" src=\"http:\/\/www.borjagutierrez.es\/webdeveloper\/wp-content\/uploads\/2013\/05\/bandwidth1.png\" alt=\"bandwidth\" width=\"48\" height=\"48\" \/><\/p>\n<h4>Tiempo de actividad del servidor\u00a099%<\/h4>\n<p>Gracias al excelente trabajo de nuestro proveedor de servicios de alojamiento los proyectos alojados en nuestros servidores tienen una disponibilidad de un 99% del tiempo. Toda falta de disponibilidad programa ser\u00e1 advertida a nuestros clientes al menos 12 horas antes de producirse y se proceder\u00e1 a la realizaci\u00f3n gratuita de una copia de seguridad del entorno para evitar en la medida de lo posible la perdida de datos.<\/p>\n<\/div>\n<div class=\"span4\">\n<p><img loading=\"lazy\" decoding=\"async\" src=\"http:\/\/www.borjagutierrez.es\/webdeveloper\/wp-content\/uploads\/2013\/05\/support1.png\" alt=\"support\" width=\"48\" height=\"48\" \/><\/p>\n<h4>Soporte<\/h4>\n<p>Nuestro horario de atenci\u00f3n telef\u00f3nica es:<\/p>\n<ul>\n<li><span style=\"font-size: 13px; line-height: 19px;\">Lunes-Viernes: 9:00 a 20:00.(Hora de Espa\u00f1a)<\/span><\/li>\n<li><span style=\"font-size: 13px; line-height: 19px;\">S\u00e1bados y Domingos: 11:00 a a 16:00.\u00a0(Hora de Espa\u00f1a)<\/span><\/li>\n<\/ul>\n<p>Fuera del horario de atenci\u00f3n telef\u00f3nica disponemos de un servicio de<strong> chat offline<\/strong> en que puedes exponer tus consultas y un t\u00e9cnico las responder\u00e1 en el menor tiempo posible.<br \/>\n* Precios con el IVA no incluido<br \/>\n** Periodo m\u00ednimo de contrataci\u00f3n 3 meses.<br \/>\n<\/div>\n<\/div>\n","protected":false},"excerpt":{"rendered":"","protected":false},"author":1,"featured_media":0,"parent":0,"menu_order":0,"comment_status":"closed","ping_status":"closed","template":"","meta":{"_exactmetrics_skip_tracking":false,"_exactmetrics_sitenote_active":false,"_exactmetrics_sitenote_note":"","_exactmetrics_sitenote_category":0,"footnotes":""},"class_list":["post-390","page","type-page","status-publish","hentry"],"yoast_head":"<!-- This site is optimized with the Yoast SEO plugin v27.3 - https:\/\/yoast.com\/product\/yoast-seo-wordpress\/ -->\n<title>Posicionamiento SEM SEO - Borja Gutierrez BG Web Development<\/title>\n<meta name=\"description\" content=\"Sit\u00faa correctamente tu sitio en los buscadores gracias a nuestros planes de posicionamiento SEM SEO (Search Engine Marketing) (Search Engine Optimization).\" \/>\n<meta name=\"robots\" content=\"index, follow, max-snippet:-1, max-image-preview:large, max-video-preview:-1\" \/>\n<link rel=\"canonical\" href=\"https:\/\/www.borjagutierrez.es\/webdeveloper\/posicionamiento\/\" \/>\n<meta property=\"og:locale\" content=\"es_ES\" \/>\n<meta property=\"og:type\" content=\"article\" \/>\n<meta property=\"og:title\" content=\"Posicionamiento SEM SEO - Borja Gutierrez BG Web Development\" \/>\n<meta property=\"og:description\" content=\"Sit\u00faa correctamente tu sitio en los buscadores gracias a nuestros planes de posicionamiento SEM SEO (Search Engine Marketing) (Search Engine Optimization).\" \/>\n<meta property=\"og:url\" content=\"https:\/\/www.borjagutierrez.es\/webdeveloper\/posicionamiento\/\" \/>\n<meta property=\"og:site_name\" content=\"BG Web Development, Dise\u00f1o web en Getxo Bizkaia\" \/>\n<meta property=\"article:modified_time\" content=\"2014-06-15T10:32:33+00:00\" \/>\n<meta property=\"og:image\" content=\"http:\/\/www.borjagutierrez.es\/webdeveloper\/wp-content\/uploads\/2013\/05\/server2.png\" \/>\n<meta name=\"twitter:card\" content=\"summary_large_image\" \/>\n<meta name=\"twitter:label1\" content=\"Tiempo de lectura\" \/>\n\t<meta name=\"twitter:data1\" content=\"3 minutos\" \/>\n<!-- \/ Yoast SEO plugin. -->","yoast_head_json":{"title":"Posicionamiento SEM SEO - Borja Gutierrez BG Web Development","description":"Sit\u00faa correctamente tu sitio en los buscadores gracias a nuestros planes de posicionamiento SEM SEO (Search Engine Marketing) (Search Engine Optimization).","robots":{"index":"index","follow":"follow","max-snippet":"max-snippet:-1","max-image-preview":"max-image-preview:large","max-video-preview":"max-video-preview:-1"},"canonical":"https:\/\/www.borjagutierrez.es\/webdeveloper\/posicionamiento\/","og_locale":"es_ES","og_type":"article","og_title":"Posicionamiento SEM SEO - Borja Gutierrez BG Web Development","og_description":"Sit\u00faa correctamente tu sitio en los buscadores gracias a nuestros planes de posicionamiento SEM SEO (Search Engine Marketing) (Search Engine Optimization).","og_url":"https:\/\/www.borjagutierrez.es\/webdeveloper\/posicionamiento\/","og_site_name":"BG Web Development, Dise\u00f1o web en Getxo Bizkaia","article_modified_time":"2014-06-15T10:32:33+00:00","og_image":[{"url":"http:\/\/www.borjagutierrez.es\/webdeveloper\/wp-content\/uploads\/2013\/05\/server2.png","type":"","width":"","height":""}],"twitter_card":"summary_large_image","twitter_misc":{"Tiempo de lectura":"3 minutos"},"schema":{"@context":"https:\/\/schema.org","@graph":[{"@type":"WebPage","@id":"https:\/\/www.borjagutierrez.es\/webdeveloper\/posicionamiento\/","url":"https:\/\/www.borjagutierrez.es\/webdeveloper\/posicionamiento\/","name":"Posicionamiento SEM SEO - Borja Gutierrez BG Web Development","isPartOf":{"@id":"https:\/\/www.borjagutierrez.es\/webdeveloper\/#website"},"primaryImageOfPage":{"@id":"https:\/\/www.borjagutierrez.es\/webdeveloper\/posicionamiento\/#primaryimage"},"image":{"@id":"https:\/\/www.borjagutierrez.es\/webdeveloper\/posicionamiento\/#primaryimage"},"thumbnailUrl":"http:\/\/www.borjagutierrez.es\/webdeveloper\/wp-content\/uploads\/2013\/05\/server2.png","datePublished":"2013-12-22T11:41:26+00:00","dateModified":"2014-06-15T10:32:33+00:00","description":"Sit\u00faa correctamente tu sitio en los buscadores gracias a nuestros planes de posicionamiento SEM SEO (Search Engine Marketing) (Search Engine Optimization).","inLanguage":"es","potentialAction":[{"@type":"ReadAction","target":["https:\/\/www.borjagutierrez.es\/webdeveloper\/posicionamiento\/"]}]},{"@type":"ImageObject","inLanguage":"es","@id":"https:\/\/www.borjagutierrez.es\/webdeveloper\/posicionamiento\/#primaryimage","url":"http:\/\/www.borjagutierrez.es\/webdeveloper\/wp-content\/uploads\/2013\/05\/server2.png","contentUrl":"http:\/\/www.borjagutierrez.es\/webdeveloper\/wp-content\/uploads\/2013\/05\/server2.png"},{"@type":"WebSite","@id":"https:\/\/www.borjagutierrez.es\/webdeveloper\/#website","url":"https:\/\/www.borjagutierrez.es\/webdeveloper\/","name":"BG Web Development, Dise\u00f1o web en Getxo Bizkaia","description":"BG Dise\u00f1o web Getxo Bizkaia, p\u00e1ginas web de f\u00e1cil administraci\u00f3n, especialistas en Tienda online ecommerce, Wordpress, Prestashop, Joomla, PHP","publisher":{"@id":"https:\/\/www.borjagutierrez.es\/webdeveloper\/#organization"},"potentialAction":[{"@type":"SearchAction","target":{"@type":"EntryPoint","urlTemplate":"https:\/\/www.borjagutierrez.es\/webdeveloper\/?s={search_term_string}"},"query-input":{"@type":"PropertyValueSpecification","valueRequired":true,"valueName":"search_term_string"}}],"inLanguage":"es"},{"@type":"Organization","@id":"https:\/\/www.borjagutierrez.es\/webdeveloper\/#organization","name":"BG Web Development, Dise\u00f1o web en Getxo Bizkaia","url":"https:\/\/www.borjagutierrez.es\/webdeveloper\/","logo":{"@type":"ImageObject","inLanguage":"es","@id":"https:\/\/www.borjagutierrez.es\/webdeveloper\/#\/schema\/logo\/image\/","url":"https:\/\/www.borjagutierrez.es\/webdeveloper\/wp-content\/uploads\/2016\/04\/logo_bg-02-e1459979934172.png","contentUrl":"https:\/\/www.borjagutierrez.es\/webdeveloper\/wp-content\/uploads\/2016\/04\/logo_bg-02-e1459979934172.png","width":150,"height":150,"caption":"BG Web Development, Dise\u00f1o web en Getxo Bizkaia"},"image":{"@id":"https:\/\/www.borjagutierrez.es\/webdeveloper\/#\/schema\/logo\/image\/"}}]}},"_links":{"self":[{"href":"https:\/\/www.borjagutierrez.es\/webdeveloper\/wp-json\/wp\/v2\/pages\/390","targetHints":{"allow":["GET"]}}],"collection":[{"href":"https:\/\/www.borjagutierrez.es\/webdeveloper\/wp-json\/wp\/v2\/pages"}],"about":[{"href":"https:\/\/www.borjagutierrez.es\/webdeveloper\/wp-json\/wp\/v2\/types\/page"}],"author":[{"embeddable":true,"href":"https:\/\/www.borjagutierrez.es\/webdeveloper\/wp-json\/wp\/v2\/users\/1"}],"replies":[{"embeddable":true,"href":"https:\/\/www.borjagutierrez.es\/webdeveloper\/wp-json\/wp\/v2\/comments?post=390"}],"version-history":[{"count":3,"href":"https:\/\/www.borjagutierrez.es\/webdeveloper\/wp-json\/wp\/v2\/pages\/390\/revisions"}],"predecessor-version":[{"id":734,"href":"https:\/\/www.borjagutierrez.es\/webdeveloper\/wp-json\/wp\/v2\/pages\/390\/revisions\/734"}],"wp:attachment":[{"href":"https:\/\/www.borjagutierrez.es\/webdeveloper\/wp-json\/wp\/v2\/media?parent=390"}],"curies":[{"name":"wp","href":"https:\/\/api.w.org\/{rel}","templated":true}]}}