{"id":382,"date":"2013-06-22T17:23:07","date_gmt":"2013-06-22T15:23:07","guid":{"rendered":"http:\/\/www.borjagutierrez.es\/webdeveloper\/?page_id=382"},"modified":"2014-06-30T02:42:06","modified_gmt":"2014-06-30T00:42:06","slug":"alojamiento-web","status":"publish","type":"page","link":"https:\/\/www.borjagutierrez.es\/webdeveloper\/alojamiento-web\/","title":{"rendered":"Alojamiento web"},"content":{"rendered":"<div class=\"row\">\n<div class=\"span12\"><img loading=\"lazy\" decoding=\"async\" src=\"http:\/\/www.borjagutierrez.es\/webdeveloper\/wp-content\/uploads\/2013\/05\/server2.png\" alt=\"server2\" width=\"252\" height=\"226\" \/><\/p>\n<h4>Escoge tu alojamiento.<\/h4>\n<p><span style=\"font-size: 13px; line-height: 19px;\">En BG Web Development tenemos diferentes planes de alojamiento disponibles para nuestros clientes, de esta manera podemos ofrecerte el plan que mejor se ajuste a tus necesidades o crear un plan personalizado si ninguno de los planes de alojamiento se ajusta bien tus necesidades .<\/span><\/p>\n<\/div>\n<\/div>\n<div class=\"row\">\n<div class=\"span3\">\n<div class=\"plan-container -plan \">\n<div class=\"plan-head \"><h4>Personal<\/h4><p>Iniciaci\u00f3n<\/p><\/div><!-- plan-head end -->\n\t\t\t<div class=\"plan-body\"><div class=\"plan-price\"><span>3\u20ac<\/span><p>al mes<\/p><\/div><!-- plan-price end -->\n<div class=\"star\">\n<ul>\n<li><strong>1GB<\/strong>\u00a0Alojamiento Web<\/li>\n<li>Tr\u00e1fico<strong> ilimitado<\/strong><\/li>\n<li><strong>10<\/strong>\u00a0cuentas mail<\/li>\n<li><strong>1<\/strong>\u00a0BBDD Mysql<\/li>\n<li><strong>1<\/strong>\u00a0Aplicaci\u00f3n autoinstalable<\/li>\n<li>IP <strong>espa\u00f1ola<\/strong><\/li>\n<li><strong>1<\/strong>\u00a0Acceso FTP<\/li>\n<li>Panel de control Cpanel<\/li>\n<li>Subdominios <strong>ilimitados<\/strong><\/li>\n<li>Backup <strong>semanal<\/strong><\/li>\n<\/ul>\n<\/div>\n<a href=\"contact\" class=\"button simple medium \" target=\"_self\">Contrata este plan<\/a>\n<\/div><!-- plan-body end -->\n<\/div>\n<\/div>\n<div class=\"span3\">\n<div class=\"plan-container -plan \">\n<div class=\"plan-head \"><h4>PYME<\/h4><p>Iniciaci\u00f3n empresarial<\/p><\/div><!-- plan-head end -->\n\t\t\t<div class=\"plan-body\"><div class=\"plan-price\"><span>5\u20ac<\/span><p>al mes<\/p><\/div><!-- plan-price end -->\n<div class=\"star\">\n<ul>\n<li><strong>5GB<\/strong>\u00a0Alojamiento\u00a0Web<\/li>\n<li>Tr\u00e1fico<strong>\u00a0ilimitado<\/strong><\/li>\n<li><strong>100<\/strong>\u00a0cuentas mail<\/li>\n<li><strong>2<\/strong>\u00a0BBDD Mysql<\/li>\n<li><strong>1<\/strong>\u00a0Aplicaci\u00f3n autoinstalable<\/li>\n<li>IP\u00a0<strong>espa\u00f1ola<\/strong><\/li>\n<li><strong>1<\/strong>\u00a0Acceso FTP<\/li>\n<li>Panel de control Cpanel<\/li>\n<li>Subdominios\u00a0<strong>ilimitados<\/strong><\/li>\n<li>Backup\u00a0<strong>diario<\/strong><\/li>\n<\/ul>\n<\/div>\n<a href=\"contact\" class=\"button simple medium \" target=\"_self\">Contrata este plan<\/a>\n<\/div><!-- plan-body end -->\n<\/div>\n<\/div>\n<div class=\"span3\">\n<div class=\"plan-container featured-plan \">\n<div class=\"plan-head \"><h4>Avanzado<\/h4><p>La mejor opci\u00f3n<\/p><\/div><!-- plan-head end -->\n\t\t\t<div class=\"plan-body\"><div class=\"plan-price\"><span>10\u20ac<\/span><p>Al mes<\/p><\/div><!-- plan-price end -->\n<div class=\"star\">\n<ul>\n<li><strong>10GB<\/strong>\u00a0Alojamiento\u00a0Web<\/li>\n<li><strong>1 Dominio<\/strong> incluido<\/li>\n<li>Tr\u00e1fico<strong>\u00a0ilimitado<\/strong><\/li>\n<li>Cuentas mail<strong> ilimitadas<\/strong><\/li>\n<li><b>5<\/b> BBDD Mysql<\/li>\n<li><b>2<\/b> Aplicaci\u00f3n autoinstalable<\/li>\n<li>IP\u00a0<strong>espa\u00f1ola<\/strong><\/li>\n<li><b>2<\/b> Acceso FTP<\/li>\n<li>Panel de control Cpanel<\/li>\n<li>Subdominios\u00a0<strong>ilimitados<\/strong><\/li>\n<li>Backup\u00a0<strong>diario <\/strong>(servidor)<\/li>\n<li>Backup semanal (exterior)<\/li>\n<\/ul>\n<\/div>\n<a href=\"contact\" class=\"button simple medium \" target=\"_self\">Contrata este plan<\/a>\n<\/div><!-- plan-body end -->\n<\/div>\n<\/div>\n<div class=\"span3\">\n<div class=\"plan-container -plan \">\n<div class=\"plan-head \"><h4>Plan Maxi<\/h4><p>Grandes empresas<\/p><\/div><!-- plan-head end -->\n\t\t\t<div class=\"plan-body\"><div class=\"plan-price\"><span>25\u20ac<\/span><p>Al mes<\/p><\/div><!-- plan-price end -->\n<div class=\"star\">\n<ul>\n<li><strong>20GB<\/strong>\u00a0Alojamiento\u00a0Web<\/li>\n<li><strong>2 Dominios<\/strong> incluidos<\/li>\n<li>Tr\u00e1fico<strong>\u00a0ilimitado<\/strong><\/li>\n<li>Cuentas mail <strong>ilimitadas<\/strong><\/li>\n<li><strong>ilimitado<\/strong>\u00a0BBDD Mysql<\/li>\n<li><strong>ilimitado<\/strong>\u00a0Aplicaci\u00f3n autoinstalable<\/li>\n<li>IP\u00a0<strong>espa\u00f1ola<\/strong><\/li>\n<li><strong>ilimitado<\/strong>\u00a0Acceso FTP<\/li>\n<li>Panel de control Cpanel<\/li>\n<li>Subdominios\u00a0<strong>ilimitados<\/strong><\/li>\n<li>Backup\u00a0<strong>diario <\/strong>(servidor)<\/li>\n<li>Backup semanal (exterior)<\/li>\n<\/ul>\n<\/div>\n<a href=\"contact\" class=\"button simple medium \" target=\"_self\">Contrata este plan<\/a>\n<\/div><!-- plan-body end -->\n<\/div>\n<\/div>\n<\/div>\n<div class=\"row\">\n<\/div>\n<div class=\"row\">\n<div class=\"span12\">\n<div class=\"well clearfix\">\n<p>No encuentras un alojamiento a tu medida\u00a0<strong>No importa!\u00a0<\/strong>Consigue tu\u00a0<strong>alojamiento personalizado<\/strong>\u00a0now!<\/p>\n<a href=\"contact\" class=\"button simple medium pull-right\" target=\"_self\">Contactanos\u00a0<i><\/i><\/a>\n<\/div>\n<\/div>\n<p><span style=\"font-size: 13px; line-height: 19px;\"><\/div><\/span><\/p>\n<div class=\"row\">\n<p>&nbsp;<\/p>\n<div class=\"span4\">\n<p><img loading=\"lazy\" decoding=\"async\" src=\"http:\/\/www.borjagutierrez.es\/webdeveloper\/wp-content\/uploads\/2013\/05\/data-center1.png\" alt=\"data-center\" width=\"48\" height=\"48\" \/><\/p>\n<h4>El mejor hardware<\/h4>\n<p>Plataforma redundada de alta disponibilidad, compuesta por equipos DELL de alta gama.<\/p>\n<div>\n<ul>\n<li>Gama alta de servidores DELL\u00a0<img decoding=\"async\" src=\"http:\/\/www.redcoruna.com\/ima\/logos\/iconos-vps.png\" alt=\"\" \/><\/li>\n<li>Ancho de banda 10000 Mbps<\/li>\n<li>Cabinas de backup en RAID 10<\/li>\n<li>Equipos de red CISCO<\/li>\n<li>IPS y CPD geolocalizados en Espa\u00f1a<\/li>\n<\/ul>\n<\/div>\n<\/div>\n<div class=\"span4\">\n<p><img loading=\"lazy\" decoding=\"async\" src=\"http:\/\/www.borjagutierrez.es\/webdeveloper\/wp-content\/uploads\/2013\/05\/bandwidth1.png\" alt=\"bandwidth\" width=\"48\" height=\"48\" \/><\/p>\n<h4>Tiempo de actividad del servidor\u00a099%<\/h4>\n<p>Gracias al excelente trabajo de nuestro proveedor de servicios de alojamiento los proyectos alojados en nuestros servidores tienen una disponibilidad de un 99% del tiempo. Toda falta de disponibilidad programa ser\u00e1 advertida a nuestros clientes al menos 12 horas antes de producirse y se proceder\u00e1 a la realizaci\u00f3n gratuita de una copia de seguridad del entorno para evitar en la medida de lo posible la perdida de datos.<\/p>\n<\/div>\n<div class=\"span4\">\n<p><img loading=\"lazy\" decoding=\"async\" src=\"http:\/\/www.borjagutierrez.es\/webdeveloper\/wp-content\/uploads\/2013\/05\/support1.png\" alt=\"support\" width=\"48\" height=\"48\" \/><\/p>\n<h4>Soporte<\/h4>\n<p>Nuestro horario de atenci\u00f3n telef\u00f3nica es:<\/p>\n<ul>\n<li>Lunes-Viernes: 9:00 a 20:00.(Hora de Espa\u00f1a)<\/li>\n<li>S\u00e1bados y Domingos: 11:00 a a 16:00.\u00a0(Hora de Espa\u00f1a)<\/li>\n<\/ul>\n<p>Fuera del horario de atenci\u00f3n telef\u00f3nica disponemos de un servicio de<strong>\u00a0chat offline<\/strong>\u00a0en que puedes exponer tus consultas y un t\u00e9cnico las responder\u00e1 en el menor tiempo posible.<\/p>\n<\/div>\n<\/div>\n* Todos los precios de esta p\u00e1gina se encuentran SIN IVA, por lo que al precio final de cada paquete habr\u00e1 que a\u00f1adirle el 21%.<br \/>\n** Periodo m\u00ednimo de contrataci\u00f3n 12 meses.<\/p>\n","protected":false},"excerpt":{"rendered":"<p>* Todos los precios de esta p\u00e1gina se encuentran SIN IVA, por lo que al precio final de cada paquete habr\u00e1 que a\u00f1adirle el 21%. ** Periodo m\u00ednimo de contrataci\u00f3n 12 meses.<\/p>\n","protected":false},"author":1,"featured_media":0,"parent":0,"menu_order":0,"comment_status":"open","ping_status":"open","template":"","meta":{"_exactmetrics_skip_tracking":false,"_exactmetrics_sitenote_active":false,"_exactmetrics_sitenote_note":"","_exactmetrics_sitenote_category":0,"footnotes":""},"class_list":["post-382","page","type-page","status-publish","hentry"],"yoast_head":"<!-- This site is optimized with the Yoast SEO plugin v27.3 - https:\/\/yoast.com\/product\/yoast-seo-wordpress\/ -->\n<title>Alojamiento web - BG Web Development, Dise\u00f1o web en Getxo Bizkaia<\/title>\n<meta name=\"description\" content=\"Ofrecemos planes de Alojamiento web Wordpress, Joomla, PHP, con aplicaciones autoinstalables, IP espa\u00f1ola, Backup completo. Tel: 946 522 994. Getxo Bizkaia\" \/>\n<meta name=\"robots\" content=\"index, follow, max-snippet:-1, max-image-preview:large, max-video-preview:-1\" \/>\n<link rel=\"canonical\" href=\"https:\/\/www.borjagutierrez.es\/webdeveloper\/alojamiento-web\/\" \/>\n<meta property=\"og:locale\" content=\"es_ES\" \/>\n<meta property=\"og:type\" content=\"article\" \/>\n<meta property=\"og:title\" content=\"Alojamiento web - BG Web Development, Dise\u00f1o web en Getxo Bizkaia\" \/>\n<meta property=\"og:description\" content=\"Ofrecemos planes de Alojamiento web Wordpress, Joomla, PHP, con aplicaciones autoinstalables, IP espa\u00f1ola, Backup completo. Tel: 946 522 994. Getxo Bizkaia\" \/>\n<meta property=\"og:url\" content=\"https:\/\/www.borjagutierrez.es\/webdeveloper\/alojamiento-web\/\" \/>\n<meta property=\"og:site_name\" content=\"BG Web Development, Dise\u00f1o web en Getxo Bizkaia\" \/>\n<meta property=\"article:modified_time\" content=\"2014-06-30T00:42:06+00:00\" \/>\n<meta property=\"og:image\" content=\"http:\/\/www.borjagutierrez.es\/webdeveloper\/wp-content\/uploads\/2013\/05\/server2.png\" \/>\n<meta name=\"twitter:card\" content=\"summary_large_image\" \/>\n<meta name=\"twitter:label1\" content=\"Tiempo de lectura\" \/>\n\t<meta name=\"twitter:data1\" content=\"3 minutos\" \/>\n<!-- \/ Yoast SEO plugin. -->","yoast_head_json":{"title":"Alojamiento web - BG Web Development, Dise\u00f1o web en Getxo Bizkaia","description":"Ofrecemos planes de Alojamiento web Wordpress, Joomla, PHP, con aplicaciones autoinstalables, IP espa\u00f1ola, Backup completo. Tel: 946 522 994. Getxo Bizkaia","robots":{"index":"index","follow":"follow","max-snippet":"max-snippet:-1","max-image-preview":"max-image-preview:large","max-video-preview":"max-video-preview:-1"},"canonical":"https:\/\/www.borjagutierrez.es\/webdeveloper\/alojamiento-web\/","og_locale":"es_ES","og_type":"article","og_title":"Alojamiento web - BG Web Development, Dise\u00f1o web en Getxo Bizkaia","og_description":"Ofrecemos planes de Alojamiento web Wordpress, Joomla, PHP, con aplicaciones autoinstalables, IP espa\u00f1ola, Backup completo. Tel: 946 522 994. Getxo Bizkaia","og_url":"https:\/\/www.borjagutierrez.es\/webdeveloper\/alojamiento-web\/","og_site_name":"BG Web Development, Dise\u00f1o web en Getxo Bizkaia","article_modified_time":"2014-06-30T00:42:06+00:00","og_image":[{"url":"http:\/\/www.borjagutierrez.es\/webdeveloper\/wp-content\/uploads\/2013\/05\/server2.png","type":"","width":"","height":""}],"twitter_card":"summary_large_image","twitter_misc":{"Tiempo de lectura":"3 minutos"},"schema":{"@context":"https:\/\/schema.org","@graph":[{"@type":"WebPage","@id":"https:\/\/www.borjagutierrez.es\/webdeveloper\/alojamiento-web\/","url":"https:\/\/www.borjagutierrez.es\/webdeveloper\/alojamiento-web\/","name":"Alojamiento web - BG Web Development, Dise\u00f1o web en Getxo Bizkaia","isPartOf":{"@id":"https:\/\/www.borjagutierrez.es\/webdeveloper\/#website"},"primaryImageOfPage":{"@id":"https:\/\/www.borjagutierrez.es\/webdeveloper\/alojamiento-web\/#primaryimage"},"image":{"@id":"https:\/\/www.borjagutierrez.es\/webdeveloper\/alojamiento-web\/#primaryimage"},"thumbnailUrl":"http:\/\/www.borjagutierrez.es\/webdeveloper\/wp-content\/uploads\/2013\/05\/server2.png","datePublished":"2013-06-22T15:23:07+00:00","dateModified":"2014-06-30T00:42:06+00:00","description":"Ofrecemos planes de Alojamiento web Wordpress, Joomla, PHP, con aplicaciones autoinstalables, IP espa\u00f1ola, Backup completo. Tel: 946 522 994. Getxo Bizkaia","inLanguage":"es","potentialAction":[{"@type":"ReadAction","target":["https:\/\/www.borjagutierrez.es\/webdeveloper\/alojamiento-web\/"]}]},{"@type":"ImageObject","inLanguage":"es","@id":"https:\/\/www.borjagutierrez.es\/webdeveloper\/alojamiento-web\/#primaryimage","url":"http:\/\/www.borjagutierrez.es\/webdeveloper\/wp-content\/uploads\/2013\/05\/server2.png","contentUrl":"http:\/\/www.borjagutierrez.es\/webdeveloper\/wp-content\/uploads\/2013\/05\/server2.png"},{"@type":"WebSite","@id":"https:\/\/www.borjagutierrez.es\/webdeveloper\/#website","url":"https:\/\/www.borjagutierrez.es\/webdeveloper\/","name":"BG Web Development, Dise\u00f1o web en Getxo Bizkaia","description":"BG Dise\u00f1o web Getxo Bizkaia, p\u00e1ginas web de f\u00e1cil administraci\u00f3n, especialistas en Tienda online ecommerce, Wordpress, Prestashop, Joomla, PHP","publisher":{"@id":"https:\/\/www.borjagutierrez.es\/webdeveloper\/#organization"},"potentialAction":[{"@type":"SearchAction","target":{"@type":"EntryPoint","urlTemplate":"https:\/\/www.borjagutierrez.es\/webdeveloper\/?s={search_term_string}"},"query-input":{"@type":"PropertyValueSpecification","valueRequired":true,"valueName":"search_term_string"}}],"inLanguage":"es"},{"@type":"Organization","@id":"https:\/\/www.borjagutierrez.es\/webdeveloper\/#organization","name":"BG Web Development, Dise\u00f1o web en Getxo Bizkaia","url":"https:\/\/www.borjagutierrez.es\/webdeveloper\/","logo":{"@type":"ImageObject","inLanguage":"es","@id":"https:\/\/www.borjagutierrez.es\/webdeveloper\/#\/schema\/logo\/image\/","url":"https:\/\/www.borjagutierrez.es\/webdeveloper\/wp-content\/uploads\/2016\/04\/logo_bg-02-e1459979934172.png","contentUrl":"https:\/\/www.borjagutierrez.es\/webdeveloper\/wp-content\/uploads\/2016\/04\/logo_bg-02-e1459979934172.png","width":150,"height":150,"caption":"BG Web Development, Dise\u00f1o web en Getxo Bizkaia"},"image":{"@id":"https:\/\/www.borjagutierrez.es\/webdeveloper\/#\/schema\/logo\/image\/"}}]}},"_links":{"self":[{"href":"https:\/\/www.borjagutierrez.es\/webdeveloper\/wp-json\/wp\/v2\/pages\/382","targetHints":{"allow":["GET"]}}],"collection":[{"href":"https:\/\/www.borjagutierrez.es\/webdeveloper\/wp-json\/wp\/v2\/pages"}],"about":[{"href":"https:\/\/www.borjagutierrez.es\/webdeveloper\/wp-json\/wp\/v2\/types\/page"}],"author":[{"embeddable":true,"href":"https:\/\/www.borjagutierrez.es\/webdeveloper\/wp-json\/wp\/v2\/users\/1"}],"replies":[{"embeddable":true,"href":"https:\/\/www.borjagutierrez.es\/webdeveloper\/wp-json\/wp\/v2\/comments?post=382"}],"version-history":[{"count":3,"href":"https:\/\/www.borjagutierrez.es\/webdeveloper\/wp-json\/wp\/v2\/pages\/382\/revisions"}],"predecessor-version":[{"id":753,"href":"https:\/\/www.borjagutierrez.es\/webdeveloper\/wp-json\/wp\/v2\/pages\/382\/revisions\/753"}],"wp:attachment":[{"href":"https:\/\/www.borjagutierrez.es\/webdeveloper\/wp-json\/wp\/v2\/media?parent=382"}],"curies":[{"name":"wp","href":"https:\/\/api.w.org\/{rel}","templated":true}]}}