{"id":321,"date":"2013-06-21T03:50:53","date_gmt":"2013-06-21T03:50:53","guid":{"rendered":"http:\/\/www.borjagutierrez.es\/webdeveloper\/?page_id=321"},"modified":"2016-06-20T14:52:48","modified_gmt":"2016-06-20T12:52:48","slug":"tienda-online","status":"publish","type":"page","link":"https:\/\/www.borjagutierrez.es\/webdeveloper\/tienda-online\/","title":{"rendered":"Tienda Online"},"content":{"rendered":"<div class=\"row\">\n<div class=\"span12\">\n<p><img loading=\"lazy\" decoding=\"async\" class=\"alignleft size-full wp-image-991\" src=\"http:\/\/www.borjagutierrez.es\/webdeveloper\/wp-content\/uploads\/2014\/11\/Subvenci\u00f3n-Dise\u00f1o-pagina-web-tienda-online-Bizkaia.gif\" alt=\"Subvenciones dise\u00f1o web\" width=\"960\" height=\"350\" \/><\/p>\n<h4>\u00a1Abre ya tu tienda online!<\/h4>\n<p>El 27% de los espa\u00f1oles compra a trav\u00e9s de internet, un 12,5% m\u00e1s que en 2010 y un 50% m\u00e1s que en 2007, seg\u00fan el estudio El Comercio Electr\u00f3nico 2012 realizado por la escuela de negocios OBS (Online Business School), con datos del INE, Eurostat y Banco Mundial, y dirigido por la doctora Cristina Tom\u00e1s.<\/p>\n<p>Aprovecha esta oportunidad y no quedes atr\u00e1s, crea ya tu tienda online y <strong>amplia tu negocio<\/strong>!<\/p>\n<\/div>\n<\/div>\n<div class=\"row\">\n<div class=\"span4\">\n<div class=\"plan-container -plan \">\n<div class=\"plan-head \"><h4>Tienda Standard<\/h4><p>Peque\u00f1as tiendas<\/p><\/div><!-- plan-head end -->\n\t\t\t<div class=\"plan-body\"><div class=\"plan-price\"><span>Desde 850\u20ac<\/span><p><\/p><\/div><!-- plan-price end -->\n<ul>\n<li>200 productos<\/li>\n<li>20\u00a0hojas<\/li>\n<li>Dise\u00f1o Web <strong>premium<\/strong><\/li>\n<li><strong>10<\/strong> cuentas Email<\/li>\n<li><strong>Tr\u00e1fico ilimitado<\/strong><\/li>\n<li><strong>5GB<\/strong> de almacenamiento<\/li>\n<li><strong>Formaci\u00f3n<\/strong> de puesta en marcha<\/li>\n<li>Back-up <strong>semanal<\/strong><\/li>\n<li>Alojamiento por s\u00f3lo 8\u20ac\/mes<\/li>\n<li>Plataforma para pago seguro 45\u20ac\/a\u00f1o<\/li>\n<\/ul>\n<a href=\"\/webdeveloper\/contact\" class=\"button simple medium \" target=\"_self\">Escoger este plan<\/a>\n<\/div><!-- plan-body end -->\n<\/div>\n<\/div>\n<div class=\"span4\">\n<div class=\"plan-container featured-plan green\">\n<div class=\"plan-head \"><h4>Tienda Professional<\/h4><p>Plan m\u00e1s recomendado<\/p><\/div><!-- plan-head end -->\n\t\t\t<div class=\"plan-body\"><div class=\"plan-price\"><span>Desde 1000\u20ac<\/span><p><\/p><\/div><!-- plan-price end -->\n<ul>\n<li>3.000 productos<\/li>\n<li>Hasta <strong>300 hojas<\/strong><\/li>\n<li>Dise\u00f1o Web <strong>premium<\/strong><\/li>\n<li><strong>100<\/strong> cuentas email<\/li>\n<li><strong>Tr\u00e1fico ilimitado<\/strong><\/li>\n<li><strong>10GB<\/strong> de almacenamiento<\/li>\n<li><strong>Formaci\u00f3n<\/strong> de puesta en marcha<\/li>\n<li>Back-up <strong>diario<\/strong><\/li>\n<li>Conexi\u00f3n redes sociales<\/li>\n<li>Alojamiento por s\u00f3lo 10\u20ac\/mes<\/li>\n<li>Plataforma para pago seguro 45\u20ac\/a\u00f1o<\/li>\n<\/ul>\n<a href=\"\/webdeveloper\/contact\" class=\"button simple medium \" target=\"_self\">Escoger este plan<\/a>\n<\/div><!-- plan-body end -->\n<\/div>\n<\/div>\n<div class=\"span4\">\n<div class=\"plan-container -plan black\">\n<div class=\"plan-head \"><h4>Tienda Empresa<\/h4><p>Tiendas grandes<\/p><\/div><!-- plan-head end -->\n\t\t\t<div class=\"plan-body\"><div class=\"plan-price\"><span>Desde 1300\u20ac<\/span><p><\/p><\/div><!-- plan-price end -->\n<ul>\n<li>20.000 productos<\/li>\n<li>1.000 hojas<\/li>\n<li>Dise\u00f1o Web <strong>premium<\/strong><\/li>\n<li><strong>1000<\/strong> cuentas email<\/li>\n<li><strong>Tr\u00e1fico ilimitado<\/strong><\/li>\n<li><strong>25GB<\/strong> de almacenamiento<\/li>\n<li><strong>Formaci\u00f3n<\/strong> de puesta en marcha<\/li>\n<li>Back-up <strong>diario<\/strong><\/li>\n<li>Conexi\u00f3n redes sociales<\/li>\n<li>Alojamiento por s\u00f3lo 12\u20ac\/mes<\/li>\n<li>Plataforma para pago seguro 45\u20ac\/a\u00f1o<\/li>\n<\/ul>\n<a href=\"\/webdeveloper\/contact\" class=\"button simple medium \" target=\"_self\">Escoger este plan<\/a>\n<\/div><!-- plan-body end -->\n<\/div>\n<\/div>\n<\/div>\n<div class=\"row\">\n<\/div>\n\n\t\t<style type=\"text\/css\">\n\t\t\t#gallery-1 {\n\t\t\t\tmargin: auto;\n\t\t\t}\n\t\t\t#gallery-1 .gallery-item {\n\t\t\t\tfloat: left;\n\t\t\t\tmargin-top: 10px;\n\t\t\t\ttext-align: center;\n\t\t\t\twidth: 25%;\n\t\t\t}\n\t\t\t#gallery-1 img {\n\t\t\t\tborder: 2px solid #cfcfcf;\n\t\t\t}\n\t\t\t#gallery-1 .gallery-caption {\n\t\t\t\tmargin-left: 0;\n\t\t\t}\n\t\t\t\/* see gallery_shortcode() in wp-includes\/media.php *\/\n\t\t<\/style>\n\t\t<div id='gallery-1' class='gallery galleryid-321 gallery-columns-4 gallery-size-thumbnail'><dl class='gallery-item'>\n\t\t\t<dt class='gallery-icon portrait'>\n\t\t\t\t<img loading=\"lazy\" decoding=\"async\" width=\"200\" height=\"200\" src=\"https:\/\/www.borjagutierrez.es\/webdeveloper\/wp-content\/uploads\/2014\/06\/Carlota-Hulton-Moda-exclusiva-200x200.png\" class=\"attachment-thumbnail size-thumbnail\" alt=\"\" \/>\n\t\t\t<\/dt><\/dl><dl class='gallery-item'>\n\t\t\t<dt class='gallery-icon landscape'>\n\t\t\t\t<img loading=\"lazy\" decoding=\"async\" width=\"200\" height=\"200\" src=\"https:\/\/www.borjagutierrez.es\/webdeveloper\/wp-content\/uploads\/2014\/06\/Home-\u00ab-Yade-Joyeria-en-Plata-Yade-Joyeria-en-Plata-200x200.png\" class=\"attachment-thumbnail size-thumbnail\" alt=\"\" \/>\n\t\t\t<\/dt><\/dl><dl class='gallery-item'>\n\t\t\t<dt class='gallery-icon landscape'>\n\t\t\t\t<img loading=\"lazy\" decoding=\"async\" width=\"200\" height=\"200\" src=\"https:\/\/www.borjagutierrez.es\/webdeveloper\/wp-content\/uploads\/2014\/06\/Colecciones-Archives-Carissimo-Tocados-200x200.png\" class=\"attachment-thumbnail size-thumbnail\" alt=\"\" srcset=\"https:\/\/www.borjagutierrez.es\/webdeveloper\/wp-content\/uploads\/2014\/06\/Colecciones-Archives-Carissimo-Tocados-200x200.png 200w, https:\/\/www.borjagutierrez.es\/webdeveloper\/wp-content\/uploads\/2014\/06\/Colecciones-Archives-Carissimo-Tocados.png 300w\" sizes=\"auto, (max-width: 200px) 100vw, 200px\" \/>\n\t\t\t<\/dt><\/dl><dl class='gallery-item'>\n\t\t\t<dt class='gallery-icon landscape'>\n\t\t\t\t<img loading=\"lazy\" decoding=\"async\" width=\"200\" height=\"200\" src=\"https:\/\/www.borjagutierrez.es\/webdeveloper\/wp-content\/uploads\/2014\/06\/Tatiana-de-la-Rica-200x200.png\" class=\"attachment-thumbnail size-thumbnail\" alt=\"\" \/>\n\t\t\t<\/dt><\/dl><br style=\"clear: both\" \/>\n\t\t<\/div>\n\n<div class=\"row\">\n<div class=\"span12\">\n<div class=\"well clearfix\">\n<p>Tienes dudas de qu\u00e9 plan escoger, <strong>cons\u00faltanos <\/strong>y te ayudaremos a elegir el que mejor se ajuste a tus necesidades.<\/p>\n<p><strong>Consigue tu plan personalizado<\/strong> ya!<\/p>\n<a href=\"\/webdeveloper\/contact\" class=\"button simple medium pull-right\" target=\"_self\">Solicitar plan personalizado <i class=\"icon-chevron-right\"><\/i><\/a>\n<\/div>\nTendr\u00e1s tu tienda 24 horas abierta, con clientes de todo el mundo, con pago seguro y con la informaci\u00f3n tan detallada como t\u00fa quieras.<\/p>\n<p>No necesitas tener conocimientos t\u00e9cnicos: Te creamos la tienda, la integramos en e-bay y Ciao<\/p>\n<p>S\u00f3lo lo que necesitas: Puedes empezar por una tienda peque\u00f1a e ir haciendola m\u00e1s grande a medida que crezca tu negocio.<\/p>\n<p>Estos precios no incluyen IVA y son de caracter informativo, el precio de cada dise\u00f1o web vendr\u00e1 dado por las necesidades del cliente en cuanto a especificaciones y tiempo de realizaci\u00f3n.<\/p>\n<\/div>\n<\/div>\n","protected":false},"excerpt":{"rendered":"","protected":false},"author":1,"featured_media":0,"parent":0,"menu_order":0,"comment_status":"open","ping_status":"open","template":"","meta":{"_exactmetrics_skip_tracking":false,"_exactmetrics_sitenote_active":false,"_exactmetrics_sitenote_note":"","_exactmetrics_sitenote_category":0,"footnotes":""},"class_list":["post-321","page","type-page","status-publish","hentry"],"yoast_head":"<!-- This site is optimized with the Yoast SEO plugin v27.3 - https:\/\/yoast.com\/product\/yoast-seo-wordpress\/ -->\n<title>Tienda online e-commerce - Borja Gutierrez BG Web Development<\/title>\n<meta name=\"description\" content=\"Realizaci\u00f3n de todo tipo de tienda online para e-commerce con Wordpress, Prestashop, Magento ...\" \/>\n<meta name=\"robots\" content=\"index, follow, max-snippet:-1, max-image-preview:large, max-video-preview:-1\" \/>\n<link rel=\"canonical\" href=\"https:\/\/www.borjagutierrez.es\/webdeveloper\/tienda-online\/\" \/>\n<meta property=\"og:locale\" content=\"es_ES\" \/>\n<meta property=\"og:type\" content=\"article\" \/>\n<meta property=\"og:title\" content=\"Tienda online e-commerce - Borja Gutierrez BG Web Development\" \/>\n<meta property=\"og:description\" content=\"Realizaci\u00f3n de todo tipo de tienda online para e-commerce con Wordpress, Prestashop, Magento ...\" \/>\n<meta property=\"og:url\" content=\"https:\/\/www.borjagutierrez.es\/webdeveloper\/tienda-online\/\" \/>\n<meta property=\"og:site_name\" content=\"BG Web Development, Dise\u00f1o web en Getxo Bizkaia\" \/>\n<meta property=\"article:modified_time\" content=\"2016-06-20T12:52:48+00:00\" \/>\n<meta property=\"og:image\" content=\"https:\/\/www.borjagutierrez.es\/webdeveloper\/wp-content\/uploads\/2014\/06\/Home-\u00ab-Yade-Joyeria-en-Plata-Yade-Joyeria-en-Plata-200x200.png\" \/>\n<meta name=\"twitter:card\" content=\"summary_large_image\" \/>\n<meta name=\"twitter:label1\" content=\"Tiempo de lectura\" \/>\n\t<meta name=\"twitter:data1\" content=\"2 minutos\" \/>\n<!-- \/ Yoast SEO plugin. -->","yoast_head_json":{"title":"Tienda online e-commerce - Borja Gutierrez BG Web Development","description":"Realizaci\u00f3n de todo tipo de tienda online para e-commerce con Wordpress, Prestashop, Magento ...","robots":{"index":"index","follow":"follow","max-snippet":"max-snippet:-1","max-image-preview":"max-image-preview:large","max-video-preview":"max-video-preview:-1"},"canonical":"https:\/\/www.borjagutierrez.es\/webdeveloper\/tienda-online\/","og_locale":"es_ES","og_type":"article","og_title":"Tienda online e-commerce - Borja Gutierrez BG Web Development","og_description":"Realizaci\u00f3n de todo tipo de tienda online para e-commerce con Wordpress, Prestashop, Magento ...","og_url":"https:\/\/www.borjagutierrez.es\/webdeveloper\/tienda-online\/","og_site_name":"BG Web Development, Dise\u00f1o web en Getxo Bizkaia","article_modified_time":"2016-06-20T12:52:48+00:00","og_image":[{"url":"https:\/\/www.borjagutierrez.es\/webdeveloper\/wp-content\/uploads\/2014\/06\/Home-\u00ab-Yade-Joyeria-en-Plata-Yade-Joyeria-en-Plata-200x200.png","type":"","width":"","height":""}],"twitter_card":"summary_large_image","twitter_misc":{"Tiempo de lectura":"2 minutos"},"schema":{"@context":"https:\/\/schema.org","@graph":[{"@type":"WebPage","@id":"https:\/\/www.borjagutierrez.es\/webdeveloper\/tienda-online\/","url":"https:\/\/www.borjagutierrez.es\/webdeveloper\/tienda-online\/","name":"Tienda online e-commerce - Borja Gutierrez BG Web Development","isPartOf":{"@id":"https:\/\/www.borjagutierrez.es\/webdeveloper\/#website"},"datePublished":"2013-06-21T03:50:53+00:00","dateModified":"2016-06-20T12:52:48+00:00","description":"Realizaci\u00f3n de todo tipo de tienda online para e-commerce con Wordpress, Prestashop, Magento ...","inLanguage":"es","potentialAction":[{"@type":"ReadAction","target":["https:\/\/www.borjagutierrez.es\/webdeveloper\/tienda-online\/"]}]},{"@type":"WebSite","@id":"https:\/\/www.borjagutierrez.es\/webdeveloper\/#website","url":"https:\/\/www.borjagutierrez.es\/webdeveloper\/","name":"BG Web Development, Dise\u00f1o web en Getxo Bizkaia","description":"BG Dise\u00f1o web Getxo Bizkaia, p\u00e1ginas web de f\u00e1cil administraci\u00f3n, especialistas en Tienda online ecommerce, Wordpress, Prestashop, Joomla, PHP","publisher":{"@id":"https:\/\/www.borjagutierrez.es\/webdeveloper\/#organization"},"potentialAction":[{"@type":"SearchAction","target":{"@type":"EntryPoint","urlTemplate":"https:\/\/www.borjagutierrez.es\/webdeveloper\/?s={search_term_string}"},"query-input":{"@type":"PropertyValueSpecification","valueRequired":true,"valueName":"search_term_string"}}],"inLanguage":"es"},{"@type":"Organization","@id":"https:\/\/www.borjagutierrez.es\/webdeveloper\/#organization","name":"BG Web Development, Dise\u00f1o web en Getxo Bizkaia","url":"https:\/\/www.borjagutierrez.es\/webdeveloper\/","logo":{"@type":"ImageObject","inLanguage":"es","@id":"https:\/\/www.borjagutierrez.es\/webdeveloper\/#\/schema\/logo\/image\/","url":"https:\/\/www.borjagutierrez.es\/webdeveloper\/wp-content\/uploads\/2016\/04\/logo_bg-02-e1459979934172.png","contentUrl":"https:\/\/www.borjagutierrez.es\/webdeveloper\/wp-content\/uploads\/2016\/04\/logo_bg-02-e1459979934172.png","width":150,"height":150,"caption":"BG Web Development, Dise\u00f1o web en Getxo Bizkaia"},"image":{"@id":"https:\/\/www.borjagutierrez.es\/webdeveloper\/#\/schema\/logo\/image\/"}}]}},"_links":{"self":[{"href":"https:\/\/www.borjagutierrez.es\/webdeveloper\/wp-json\/wp\/v2\/pages\/321","targetHints":{"allow":["GET"]}}],"collection":[{"href":"https:\/\/www.borjagutierrez.es\/webdeveloper\/wp-json\/wp\/v2\/pages"}],"about":[{"href":"https:\/\/www.borjagutierrez.es\/webdeveloper\/wp-json\/wp\/v2\/types\/page"}],"author":[{"embeddable":true,"href":"https:\/\/www.borjagutierrez.es\/webdeveloper\/wp-json\/wp\/v2\/users\/1"}],"replies":[{"embeddable":true,"href":"https:\/\/www.borjagutierrez.es\/webdeveloper\/wp-json\/wp\/v2\/comments?post=321"}],"version-history":[{"count":3,"href":"https:\/\/www.borjagutierrez.es\/webdeveloper\/wp-json\/wp\/v2\/pages\/321\/revisions"}],"predecessor-version":[{"id":1187,"href":"https:\/\/www.borjagutierrez.es\/webdeveloper\/wp-json\/wp\/v2\/pages\/321\/revisions\/1187"}],"wp:attachment":[{"href":"https:\/\/www.borjagutierrez.es\/webdeveloper\/wp-json\/wp\/v2\/media?parent=321"}],"curies":[{"name":"wp","href":"https:\/\/api.w.org\/{rel}","templated":true}]}}