{"id":307,"date":"2013-06-21T03:04:34","date_gmt":"2013-06-21T03:04:34","guid":{"rendered":"http:\/\/www.borjagutierrez.es\/webdeveloper\/?page_id=307"},"modified":"2019-07-07T19:20:17","modified_gmt":"2019-07-07T17:20:17","slug":"diseno-web","status":"publish","type":"page","link":"https:\/\/www.borjagutierrez.es\/webdeveloper\/diseno-web\/","title":{"rendered":"Dise\u00f1o p\u00e1gina web"},"content":{"rendered":"<div class=\"row\">\n<div class=\"span12\">\n<p><img loading=\"lazy\" decoding=\"async\" class=\"alignright size-full wp-image-54\" src=\"http:\/\/www.borjagutierrez.es\/webdeveloper\/wp-content\/uploads\/2013\/05\/server.png\" alt=\"server\" width=\"280\" height=\"275\" \/><\/p>\n<h4>Cada d\u00eda es m\u00e1s importante tener presencia en Internet.<\/h4>\n<p>Pero no s\u00f3lo vale con eso, se debe tener en cuenta que la imagen que tenga la p\u00e1gina web ser\u00e1 la imagen que el p\u00fablico de la empresa a la que representa dicha web, por lo que no basta con estar en Internet, hay que estar bien.<\/p>\n<p>En BG somos expertos en el dise\u00f1o web de esa imagen virtual siempre de acorde a las necesidades del cliente y contando con su imagen deseada.<\/p>\n<p>Los precios son orientativos, ya que ajustamos el precio al m\u00e1ximo para que pueda conseguir el mejor dise\u00f1o web al mejor precio pagando \u00fanicamente por lo que necesita.<br \/>\n<\/div>\n<\/div>\n<div class=\"row\">\n<div class=\"span4\">\n<div class=\"plan-container -plan \">\n<div class=\"plan-head \"><h4>Plan Standard<\/h4><p>Peque\u00f1os sitios<\/p><\/div><!-- plan-head end -->\n\t\t\t<div class=\"plan-body\"><div class=\"plan-price\"><span>Desde 1050\u20ac<\/span><p><\/p><\/div><!-- plan-price end -->\n<ul>\n<li>Hasta 10\u00a0p\u00e1ginas<\/li>\n<li>Dise\u00f1o web <strong>medio<\/strong><\/li>\n<li><strong>10<\/strong> cuentas Email<\/li>\n<li><strong>Tr\u00e1fico ilimitado<\/strong><\/li>\n<li><strong>5GB<\/strong> de almacenamiento<\/li>\n<li><strong>Formaci\u00f3n<\/strong> de puesta en marcha<\/li>\n<li>Back-up <strong>semanal<\/strong><\/li>\n<li>Alojamiento por s\u00f3lo 5\u20ac\/mes<\/li>\n<\/ul>\n<a href=\"..\/contact\" class=\"button simple medium \" target=\"_self\">Escoger este plan<\/a>\n<\/div><!-- plan-body end -->\n<\/div>\n<\/div>\n<div class=\"span4\">\n<div class=\"plan-container featured-plan green\">\n<div class=\"plan-head \"><h4>Plan Profesional<\/h4><p>Plan m\u00e1s recomendado<\/p><\/div><!-- plan-head end -->\n\t\t\t<div class=\"plan-body\"><div class=\"plan-price\"><span>Desde 1200\u20ac<\/span><p><\/p><\/div><!-- plan-price end -->\n<ul>\n<li>Hasta <strong>20 p\u00e1ginas<\/strong><\/li>\n<li>Dise\u00f1o Web <strong>premium<\/strong><\/li>\n<li><strong>100<\/strong> cuentas email<\/li>\n<li><strong>Tr\u00e1fico ilimitado<\/strong><\/li>\n<li><strong>10GB<\/strong> de almacenamiento<\/li>\n<li><strong>Formaci\u00f3n<\/strong> de puesta en marcha<\/li>\n<li>Back-up <strong>diario<\/strong><\/li>\n<li>Conexi\u00f3n redes sociales<\/li>\n<li>Alojamiento por s\u00f3lo 7\u20ac\/mes<\/li>\n<\/ul>\n<a href=\"..\/contact\" class=\"button simple medium \" target=\"_self\">Escoger este plan<\/a>\n<\/div><!-- plan-body end -->\n<\/div>\n<\/div>\n<div class=\"span4\">\n<div class=\"plan-container -plan black\">\n<div class=\"plan-head \"><h4>Plan Empresa<\/h4><p>Sitios web grandes<\/p><\/div><!-- plan-head end -->\n\t\t\t<div class=\"plan-body\"><div class=\"plan-price\"><span>Desde 1600\u20ac<\/span><p><\/p><\/div><!-- plan-price end -->\n<ul>\n<li>Hasta <strong>40 p\u00e1ginas<\/strong><\/li>\n<li>Dise\u00f1o Web <strong>premium<\/strong><\/li>\n<li><strong>1000<\/strong> cuentas email<\/li>\n<li><strong>Tr\u00e1fico ilimitado<\/strong><\/li>\n<li><strong>25GB<\/strong> de almacenamiento<\/li>\n<li><strong>Formaci\u00f3n<\/strong> de puesta en marcha<\/li>\n<li>Back-up <strong>diario<\/strong><\/li>\n<li>Conexi\u00f3n redes sociales<\/li>\n<li>1 Dominio gratuito*<\/li>\n<li>1 a\u00f1o de alojamiento gratuito*<\/li>\n<li>Alojamiento por s\u00f3lo 10\u20ac\/mes<\/li>\n<\/ul>\n<a href=\"..\/contact\" class=\"button simple medium \" target=\"_self\">Escoger este plan<\/a>\n<\/div><!-- plan-body end -->\n<\/div>\n<\/div>\n<\/div>\n<div class=\"row\">\n<p><img loading=\"lazy\" decoding=\"async\" class=\"alignleft size-full wp-image-992\" src=\"http:\/\/www.borjagutierrez.es\/webdeveloper\/wp-content\/uploads\/2014\/11\/Google-adwords-Dise\u00f1o-pagina-web-tienda-online-Bizkaia.gif\" alt=\"Google adwords Dise\u00f1o pagina web tienda online Bizkaia\" width=\"960\" height=\"350\" \/><\/p>\n<\/div>\n<div class=\"row\">\n<p>\n\t\t<style type=\"text\/css\">\n\t\t\t#gallery-1 {\n\t\t\t\tmargin: auto;\n\t\t\t}\n\t\t\t#gallery-1 .gallery-item {\n\t\t\t\tfloat: left;\n\t\t\t\tmargin-top: 10px;\n\t\t\t\ttext-align: center;\n\t\t\t\twidth: 25%;\n\t\t\t}\n\t\t\t#gallery-1 img {\n\t\t\t\tborder: 2px solid #cfcfcf;\n\t\t\t}\n\t\t\t#gallery-1 .gallery-caption {\n\t\t\t\tmargin-left: 0;\n\t\t\t}\n\t\t\t\/* see gallery_shortcode() in wp-includes\/media.php *\/\n\t\t<\/style>\n\t\t<div id='gallery-1' class='gallery galleryid-307 gallery-columns-4 gallery-size-thumbnail'><dl class='gallery-item'>\n\t\t\t<dt class='gallery-icon landscape'>\n\t\t\t\t<img loading=\"lazy\" decoding=\"async\" width=\"200\" height=\"200\" src=\"https:\/\/www.borjagutierrez.es\/webdeveloper\/wp-content\/uploads\/2014\/06\/INCKORPORA-INCKORPORA-Psicolog\u00eda-salud-formaci\u00f3n-Algorta1-200x200.png\" class=\"attachment-thumbnail size-thumbnail\" alt=\"\" \/>\n\t\t\t<\/dt><\/dl><dl class='gallery-item'>\n\t\t\t<dt class='gallery-icon landscape'>\n\t\t\t\t<img loading=\"lazy\" decoding=\"async\" width=\"200\" height=\"200\" src=\"https:\/\/www.borjagutierrez.es\/webdeveloper\/wp-content\/uploads\/2014\/06\/Graphic-designer-Bilbao-200x200.png\" class=\"attachment-thumbnail size-thumbnail\" alt=\"\" \/>\n\t\t\t<\/dt><\/dl><dl class='gallery-item'>\n\t\t\t<dt class='gallery-icon portrait'>\n\t\t\t\t<img loading=\"lazy\" decoding=\"async\" width=\"200\" height=\"200\" src=\"https:\/\/www.borjagutierrez.es\/webdeveloper\/wp-content\/uploads\/2014\/06\/Masqueduchas-Cambio-de-ba\u00f1era-por-plato-de-ducha-Productos-y-Servicios-e-instalaci\u00f3n-de-mamparas-y-cambios-de-ba\u00f1eras-por-platos-de-ducha-200x200.png\" class=\"attachment-thumbnail size-thumbnail\" alt=\"\" \/>\n\t\t\t<\/dt><\/dl><dl class='gallery-item'>\n\t\t\t<dt class='gallery-icon landscape'>\n\t\t\t\t<img loading=\"lazy\" decoding=\"async\" width=\"200\" height=\"200\" src=\"https:\/\/www.borjagutierrez.es\/webdeveloper\/wp-content\/uploads\/2014\/06\/El-Taller-Co-Escaparatistas-Bilbao-El-Taller-Co-200x200.png\" class=\"attachment-thumbnail size-thumbnail\" alt=\"\" srcset=\"https:\/\/www.borjagutierrez.es\/webdeveloper\/wp-content\/uploads\/2014\/06\/El-Taller-Co-Escaparatistas-Bilbao-El-Taller-Co-200x200.png 200w, https:\/\/www.borjagutierrez.es\/webdeveloper\/wp-content\/uploads\/2014\/06\/El-Taller-Co-Escaparatistas-Bilbao-El-Taller-Co.png 300w\" sizes=\"auto, (max-width: 200px) 100vw, 200px\" \/>\n\t\t\t<\/dt><\/dl><br style=\"clear: both\" \/>\n\t\t<\/div>\n<\/p>\n<\/div>\n<div class=\"row\">\n<div class=\"span12\">\n<div class=\"well clearfix\">\n<p>Tienes dudas de qu\u00e9 plan escoger, <strong>cons\u00faltanos <\/strong>y te ayudaremos a elegir el que mejor se ajuste a tus necesidades.<\/p>\n<p><strong>Consigue tu plan personalizado<\/strong> ya!<\/p>\n<a href=\"..\/contact\" class=\"button simple medium pull-right\" target=\"_self\">Solicitar plan personalizado <i class=\"icon-chevron-right\"><\/i><\/a>\n<\/div>\n<p>Estos precios no incluyen IVA y son de caracter informativo, el precio de cada dise\u00f1o web variar\u00e1 en funci\u00f3n de las necesidades del cliente en cuanto a especificaciones y tiempo de realizaci\u00f3n.<\/p>\n<\/div>\n<\/div>\n","protected":false},"excerpt":{"rendered":"","protected":false},"author":1,"featured_media":0,"parent":0,"menu_order":0,"comment_status":"open","ping_status":"open","template":"","meta":{"_exactmetrics_skip_tracking":false,"_exactmetrics_sitenote_active":false,"_exactmetrics_sitenote_note":"","_exactmetrics_sitenote_category":0,"footnotes":""},"class_list":["post-307","page","type-page","status-publish","hentry"],"yoast_head":"<!-- This site is optimized with the Yoast SEO plugin v27.3 - https:\/\/yoast.com\/product\/yoast-seo-wordpress\/ -->\n<title>Dise\u00f1o web - BG Web Dise\u00f1o web Getxo Bizkaia<\/title>\n<meta name=\"description\" content=\"Planes de Dise\u00f1o web. Paginas web multi idioma profesionales, ajustados a las necesidades de cada cliente. Consultanos sin compromiso - 946 522 994 Bizkaia\" \/>\n<meta name=\"robots\" content=\"index, follow, max-snippet:-1, max-image-preview:large, max-video-preview:-1\" \/>\n<link rel=\"canonical\" href=\"https:\/\/www.borjagutierrez.es\/webdeveloper\/diseno-web\/\" \/>\n<meta property=\"og:locale\" content=\"es_ES\" \/>\n<meta property=\"og:type\" content=\"article\" \/>\n<meta property=\"og:title\" content=\"Dise\u00f1o web - BG Web Dise\u00f1o web Getxo Bizkaia\" \/>\n<meta property=\"og:description\" content=\"Planes de Dise\u00f1o web. Paginas web multi idioma profesionales, ajustados a las necesidades de cada cliente. Consultanos sin compromiso - 946 522 994 Bizkaia\" \/>\n<meta property=\"og:url\" content=\"https:\/\/www.borjagutierrez.es\/webdeveloper\/diseno-web\/\" \/>\n<meta property=\"og:site_name\" content=\"BG Web Development, Dise\u00f1o web en Getxo Bizkaia\" \/>\n<meta property=\"article:modified_time\" content=\"2019-07-07T17:20:17+00:00\" \/>\n<meta property=\"og:image\" content=\"http:\/\/www.borjagutierrez.es\/webdeveloper\/wp-content\/uploads\/2013\/05\/server.png\" \/>\n<meta name=\"twitter:card\" content=\"summary_large_image\" \/>\n<meta name=\"twitter:label1\" content=\"Tiempo de lectura\" \/>\n\t<meta name=\"twitter:data1\" content=\"2 minutos\" \/>\n<!-- \/ Yoast SEO plugin. -->","yoast_head_json":{"title":"Dise\u00f1o web - BG Web Dise\u00f1o web Getxo Bizkaia","description":"Planes de Dise\u00f1o web. Paginas web multi idioma profesionales, ajustados a las necesidades de cada cliente. Consultanos sin compromiso - 946 522 994 Bizkaia","robots":{"index":"index","follow":"follow","max-snippet":"max-snippet:-1","max-image-preview":"max-image-preview:large","max-video-preview":"max-video-preview:-1"},"canonical":"https:\/\/www.borjagutierrez.es\/webdeveloper\/diseno-web\/","og_locale":"es_ES","og_type":"article","og_title":"Dise\u00f1o web - BG Web Dise\u00f1o web Getxo Bizkaia","og_description":"Planes de Dise\u00f1o web. Paginas web multi idioma profesionales, ajustados a las necesidades de cada cliente. Consultanos sin compromiso - 946 522 994 Bizkaia","og_url":"https:\/\/www.borjagutierrez.es\/webdeveloper\/diseno-web\/","og_site_name":"BG Web Development, Dise\u00f1o web en Getxo Bizkaia","article_modified_time":"2019-07-07T17:20:17+00:00","og_image":[{"url":"http:\/\/www.borjagutierrez.es\/webdeveloper\/wp-content\/uploads\/2013\/05\/server.png","type":"","width":"","height":""}],"twitter_card":"summary_large_image","twitter_misc":{"Tiempo de lectura":"2 minutos"},"schema":{"@context":"https:\/\/schema.org","@graph":[{"@type":"WebPage","@id":"https:\/\/www.borjagutierrez.es\/webdeveloper\/diseno-web\/","url":"https:\/\/www.borjagutierrez.es\/webdeveloper\/diseno-web\/","name":"Dise\u00f1o web - BG Web Dise\u00f1o web Getxo Bizkaia","isPartOf":{"@id":"https:\/\/www.borjagutierrez.es\/webdeveloper\/#website"},"primaryImageOfPage":{"@id":"https:\/\/www.borjagutierrez.es\/webdeveloper\/diseno-web\/#primaryimage"},"image":{"@id":"https:\/\/www.borjagutierrez.es\/webdeveloper\/diseno-web\/#primaryimage"},"thumbnailUrl":"http:\/\/www.borjagutierrez.es\/webdeveloper\/wp-content\/uploads\/2013\/05\/server.png","datePublished":"2013-06-21T03:04:34+00:00","dateModified":"2019-07-07T17:20:17+00:00","description":"Planes de Dise\u00f1o web. Paginas web multi idioma profesionales, ajustados a las necesidades de cada cliente. Consultanos sin compromiso - 946 522 994 Bizkaia","inLanguage":"es","potentialAction":[{"@type":"ReadAction","target":["https:\/\/www.borjagutierrez.es\/webdeveloper\/diseno-web\/"]}]},{"@type":"ImageObject","inLanguage":"es","@id":"https:\/\/www.borjagutierrez.es\/webdeveloper\/diseno-web\/#primaryimage","url":"http:\/\/www.borjagutierrez.es\/webdeveloper\/wp-content\/uploads\/2013\/05\/server.png","contentUrl":"http:\/\/www.borjagutierrez.es\/webdeveloper\/wp-content\/uploads\/2013\/05\/server.png"},{"@type":"WebSite","@id":"https:\/\/www.borjagutierrez.es\/webdeveloper\/#website","url":"https:\/\/www.borjagutierrez.es\/webdeveloper\/","name":"BG Web Development, Dise\u00f1o web en Getxo Bizkaia","description":"BG Dise\u00f1o web Getxo Bizkaia, p\u00e1ginas web de f\u00e1cil administraci\u00f3n, especialistas en Tienda online ecommerce, Wordpress, Prestashop, Joomla, PHP","publisher":{"@id":"https:\/\/www.borjagutierrez.es\/webdeveloper\/#organization"},"potentialAction":[{"@type":"SearchAction","target":{"@type":"EntryPoint","urlTemplate":"https:\/\/www.borjagutierrez.es\/webdeveloper\/?s={search_term_string}"},"query-input":{"@type":"PropertyValueSpecification","valueRequired":true,"valueName":"search_term_string"}}],"inLanguage":"es"},{"@type":"Organization","@id":"https:\/\/www.borjagutierrez.es\/webdeveloper\/#organization","name":"BG Web Development, Dise\u00f1o web en Getxo Bizkaia","url":"https:\/\/www.borjagutierrez.es\/webdeveloper\/","logo":{"@type":"ImageObject","inLanguage":"es","@id":"https:\/\/www.borjagutierrez.es\/webdeveloper\/#\/schema\/logo\/image\/","url":"https:\/\/www.borjagutierrez.es\/webdeveloper\/wp-content\/uploads\/2016\/04\/logo_bg-02-e1459979934172.png","contentUrl":"https:\/\/www.borjagutierrez.es\/webdeveloper\/wp-content\/uploads\/2016\/04\/logo_bg-02-e1459979934172.png","width":150,"height":150,"caption":"BG Web Development, Dise\u00f1o web en Getxo Bizkaia"},"image":{"@id":"https:\/\/www.borjagutierrez.es\/webdeveloper\/#\/schema\/logo\/image\/"}}]}},"_links":{"self":[{"href":"https:\/\/www.borjagutierrez.es\/webdeveloper\/wp-json\/wp\/v2\/pages\/307","targetHints":{"allow":["GET"]}}],"collection":[{"href":"https:\/\/www.borjagutierrez.es\/webdeveloper\/wp-json\/wp\/v2\/pages"}],"about":[{"href":"https:\/\/www.borjagutierrez.es\/webdeveloper\/wp-json\/wp\/v2\/types\/page"}],"author":[{"embeddable":true,"href":"https:\/\/www.borjagutierrez.es\/webdeveloper\/wp-json\/wp\/v2\/users\/1"}],"replies":[{"embeddable":true,"href":"https:\/\/www.borjagutierrez.es\/webdeveloper\/wp-json\/wp\/v2\/comments?post=307"}],"version-history":[{"count":3,"href":"https:\/\/www.borjagutierrez.es\/webdeveloper\/wp-json\/wp\/v2\/pages\/307\/revisions"}],"predecessor-version":[{"id":1225,"href":"https:\/\/www.borjagutierrez.es\/webdeveloper\/wp-json\/wp\/v2\/pages\/307\/revisions\/1225"}],"wp:attachment":[{"href":"https:\/\/www.borjagutierrez.es\/webdeveloper\/wp-json\/wp\/v2\/media?parent=307"}],"curies":[{"name":"wp","href":"https:\/\/api.w.org\/{rel}","templated":true}]}}