{"id":295,"date":"2013-06-21T02:45:53","date_gmt":"2013-06-21T02:45:53","guid":{"rendered":"http:\/\/www.borjagutierrez.es\/webdeveloper\/?page_id=295"},"modified":"2014-12-03T11:30:11","modified_gmt":"2014-12-03T09:30:11","slug":"equipo","status":"publish","type":"page","link":"https:\/\/www.borjagutierrez.es\/webdeveloper\/equipo\/","title":{"rendered":"Equipo"},"content":{"rendered":"<p style=\"text-align: justify;\">Tras varios a\u00f1os colaborando con empresas dedicadas al desarrollo de software para empresas privadas, o diversos organismos como Ayuntamientos, Gobiernos Regionales o la Comisi\u00f3n Europea, en Junio 2013 nace BG, empresa cuyo equipo esta dedicado por entero a la creaci\u00f3n personalizada de p\u00e1ginas web profesionales.<\/p>\n<blockquote>\n<p style=\"text-align: justify;\">En la actualidad, la p\u00e1gina web es la primera impresi\u00f3n de nuestra empresa<\/p>\n<\/blockquote>\n<p><img loading=\"lazy\" decoding=\"async\" class=\"size-medium wp-image-364 alignleft\" src=\"http:\/\/www.borjagutierrez.es\/webdeveloper\/wp-content\/uploads\/2013\/06\/BG-crecer-300x131.jpg\" alt=\"Sprout.\" width=\"300\" height=\"131\" srcset=\"https:\/\/www.borjagutierrez.es\/webdeveloper\/wp-content\/uploads\/2013\/06\/BG-crecer-300x131.jpg 300w, https:\/\/www.borjagutierrez.es\/webdeveloper\/wp-content\/uploads\/2013\/06\/BG-crecer.jpg 926w\" sizes=\"auto, (max-width: 300px) 100vw, 300px\" \/>BG presenta dos objetivos claros:<\/p>\n<p style=\"text-align: justify;\">El primero, aportar <strong>cercan\u00eda<\/strong> e involucrarnos al m\u00e1ximo con cada proyecto.<br \/>\nCreemos firmemente en lo que hacemos, en aprender y mejorar cada d\u00eda, y en intentar cambiar el oscuro mundo del dise\u00f1o y creaci\u00f3n de p\u00e1ginas web.<\/p>\n<p style=\"text-align: justify;\">El segundo, aportar nuestro granito de arena para acabar con la situaci\u00f3n financiera actual, ofreciendo <strong>precios<\/strong> asequibles y <strong>ajustados a las necesidades<\/strong> de cada cliente.<\/p>\n<blockquote><p>Se acab\u00f3 no saber el por qu\u00e9 del coste de una web<\/p><\/blockquote>\n<p style=\"text-align: justify;\">Nuestra visi\u00f3n del coste de una p\u00e1gina web se fundamenta en tres pilares b\u00e1sicos, siempre teniendo en cuenta el valor actual del mercado:<\/p>\n<ol>\n<ol>\n<li>Contenido<\/li>\n<li>Tiempo empleado en su creaci\u00f3n<\/li>\n<li>Coste del material exclusivo<\/li>\n<\/ol>\n<\/ol>\n<p>Creemos fuertemente en desarrollar los proyectos con el empe\u00f1o y entusiasmo que dedicamos a nuestro propio trabajo, de <strong>forma clara y profesional.<\/strong><\/p>\n<p>Si quieres puedes ver nuestro dossier en el siguiente <a href=\"http:\/\/www.borjagutierrez.es\/webdeveloper\/wp-content\/uploads\/2014\/12\/dossier.pdf\" target=\"_blank\">link<\/a>.<\/p>\n","protected":false},"excerpt":{"rendered":"<p>Tras varios a\u00f1os colaborando con empresas dedicadas al desarrollo de software para empresas privadas, o diversos organismos como Ayuntamientos, Gobiernos Regionales o la Comisi\u00f3n Europea, en Junio 2013 nace BG, empresa cuyo equipo esta dedicado por entero a la creaci\u00f3n personalizada de p\u00e1ginas web profesionales. En la actualidad, la p\u00e1gina web es la primera impresi\u00f3n [&hellip;]<\/p>\n","protected":false},"author":1,"featured_media":0,"parent":0,"menu_order":0,"comment_status":"open","ping_status":"open","template":"","meta":{"_exactmetrics_skip_tracking":false,"_exactmetrics_sitenote_active":false,"_exactmetrics_sitenote_note":"","_exactmetrics_sitenote_category":0,"footnotes":""},"class_list":["post-295","page","type-page","status-publish","hentry"],"yoast_head":"<!-- This site is optimized with the Yoast SEO plugin v27.3 - https:\/\/yoast.com\/product\/yoast-seo-wordpress\/ -->\n<title>Equipo - Borja Guti\u00e9rrez BG Web Development<\/title>\n<meta name=\"description\" content=\"Descripci\u00f3n del equipo y valores de BG Web Development\" \/>\n<meta name=\"robots\" content=\"index, follow, max-snippet:-1, max-image-preview:large, max-video-preview:-1\" \/>\n<link rel=\"canonical\" href=\"https:\/\/www.borjagutierrez.es\/webdeveloper\/equipo\/\" \/>\n<meta property=\"og:locale\" content=\"es_ES\" \/>\n<meta property=\"og:type\" content=\"article\" \/>\n<meta property=\"og:title\" content=\"Equipo - Borja Guti\u00e9rrez BG Web Development\" \/>\n<meta property=\"og:description\" content=\"Descripci\u00f3n del equipo y valores de BG Web Development\" \/>\n<meta property=\"og:url\" content=\"https:\/\/www.borjagutierrez.es\/webdeveloper\/equipo\/\" \/>\n<meta property=\"og:site_name\" content=\"BG Web Development, Dise\u00f1o web en Getxo Bizkaia\" \/>\n<meta property=\"article:modified_time\" content=\"2014-12-03T09:30:11+00:00\" \/>\n<meta property=\"og:image\" content=\"http:\/\/www.borjagutierrez.es\/webdeveloper\/wp-content\/uploads\/2013\/06\/BG-crecer-300x131.jpg\" \/>\n<meta name=\"twitter:card\" content=\"summary_large_image\" \/>\n<meta name=\"twitter:label1\" content=\"Tiempo de lectura\" \/>\n\t<meta name=\"twitter:data1\" content=\"1 minuto\" \/>\n<!-- \/ Yoast SEO plugin. -->","yoast_head_json":{"title":"Equipo - Borja Guti\u00e9rrez BG Web Development","description":"Descripci\u00f3n del equipo y valores de BG Web Development","robots":{"index":"index","follow":"follow","max-snippet":"max-snippet:-1","max-image-preview":"max-image-preview:large","max-video-preview":"max-video-preview:-1"},"canonical":"https:\/\/www.borjagutierrez.es\/webdeveloper\/equipo\/","og_locale":"es_ES","og_type":"article","og_title":"Equipo - Borja Guti\u00e9rrez BG Web Development","og_description":"Descripci\u00f3n del equipo y valores de BG Web Development","og_url":"https:\/\/www.borjagutierrez.es\/webdeveloper\/equipo\/","og_site_name":"BG Web Development, Dise\u00f1o web en Getxo Bizkaia","article_modified_time":"2014-12-03T09:30:11+00:00","og_image":[{"url":"http:\/\/www.borjagutierrez.es\/webdeveloper\/wp-content\/uploads\/2013\/06\/BG-crecer-300x131.jpg","type":"","width":"","height":""}],"twitter_card":"summary_large_image","twitter_misc":{"Tiempo de lectura":"1 minuto"},"schema":{"@context":"https:\/\/schema.org","@graph":[{"@type":"WebPage","@id":"https:\/\/www.borjagutierrez.es\/webdeveloper\/equipo\/","url":"https:\/\/www.borjagutierrez.es\/webdeveloper\/equipo\/","name":"Equipo - Borja Guti\u00e9rrez BG Web Development","isPartOf":{"@id":"https:\/\/www.borjagutierrez.es\/webdeveloper\/#website"},"primaryImageOfPage":{"@id":"https:\/\/www.borjagutierrez.es\/webdeveloper\/equipo\/#primaryimage"},"image":{"@id":"https:\/\/www.borjagutierrez.es\/webdeveloper\/equipo\/#primaryimage"},"thumbnailUrl":"http:\/\/www.borjagutierrez.es\/webdeveloper\/wp-content\/uploads\/2013\/06\/BG-crecer-300x131.jpg","datePublished":"2013-06-21T02:45:53+00:00","dateModified":"2014-12-03T09:30:11+00:00","description":"Descripci\u00f3n del equipo y valores de BG Web Development","inLanguage":"es","potentialAction":[{"@type":"ReadAction","target":["https:\/\/www.borjagutierrez.es\/webdeveloper\/equipo\/"]}]},{"@type":"ImageObject","inLanguage":"es","@id":"https:\/\/www.borjagutierrez.es\/webdeveloper\/equipo\/#primaryimage","url":"http:\/\/www.borjagutierrez.es\/webdeveloper\/wp-content\/uploads\/2013\/06\/BG-crecer-300x131.jpg","contentUrl":"http:\/\/www.borjagutierrez.es\/webdeveloper\/wp-content\/uploads\/2013\/06\/BG-crecer-300x131.jpg"},{"@type":"WebSite","@id":"https:\/\/www.borjagutierrez.es\/webdeveloper\/#website","url":"https:\/\/www.borjagutierrez.es\/webdeveloper\/","name":"BG Web Development, Dise\u00f1o web en Getxo Bizkaia","description":"BG Dise\u00f1o web Getxo Bizkaia, p\u00e1ginas web de f\u00e1cil administraci\u00f3n, especialistas en Tienda online ecommerce, Wordpress, Prestashop, Joomla, PHP","publisher":{"@id":"https:\/\/www.borjagutierrez.es\/webdeveloper\/#organization"},"potentialAction":[{"@type":"SearchAction","target":{"@type":"EntryPoint","urlTemplate":"https:\/\/www.borjagutierrez.es\/webdeveloper\/?s={search_term_string}"},"query-input":{"@type":"PropertyValueSpecification","valueRequired":true,"valueName":"search_term_string"}}],"inLanguage":"es"},{"@type":"Organization","@id":"https:\/\/www.borjagutierrez.es\/webdeveloper\/#organization","name":"BG Web Development, Dise\u00f1o web en Getxo Bizkaia","url":"https:\/\/www.borjagutierrez.es\/webdeveloper\/","logo":{"@type":"ImageObject","inLanguage":"es","@id":"https:\/\/www.borjagutierrez.es\/webdeveloper\/#\/schema\/logo\/image\/","url":"https:\/\/www.borjagutierrez.es\/webdeveloper\/wp-content\/uploads\/2016\/04\/logo_bg-02-e1459979934172.png","contentUrl":"https:\/\/www.borjagutierrez.es\/webdeveloper\/wp-content\/uploads\/2016\/04\/logo_bg-02-e1459979934172.png","width":150,"height":150,"caption":"BG Web Development, Dise\u00f1o web en Getxo Bizkaia"},"image":{"@id":"https:\/\/www.borjagutierrez.es\/webdeveloper\/#\/schema\/logo\/image\/"}}]}},"_links":{"self":[{"href":"https:\/\/www.borjagutierrez.es\/webdeveloper\/wp-json\/wp\/v2\/pages\/295","targetHints":{"allow":["GET"]}}],"collection":[{"href":"https:\/\/www.borjagutierrez.es\/webdeveloper\/wp-json\/wp\/v2\/pages"}],"about":[{"href":"https:\/\/www.borjagutierrez.es\/webdeveloper\/wp-json\/wp\/v2\/types\/page"}],"author":[{"embeddable":true,"href":"https:\/\/www.borjagutierrez.es\/webdeveloper\/wp-json\/wp\/v2\/users\/1"}],"replies":[{"embeddable":true,"href":"https:\/\/www.borjagutierrez.es\/webdeveloper\/wp-json\/wp\/v2\/comments?post=295"}],"version-history":[{"count":3,"href":"https:\/\/www.borjagutierrez.es\/webdeveloper\/wp-json\/wp\/v2\/pages\/295\/revisions"}],"predecessor-version":[{"id":1034,"href":"https:\/\/www.borjagutierrez.es\/webdeveloper\/wp-json\/wp\/v2\/pages\/295\/revisions\/1034"}],"wp:attachment":[{"href":"https:\/\/www.borjagutierrez.es\/webdeveloper\/wp-json\/wp\/v2\/media?parent=295"}],"curies":[{"name":"wp","href":"https:\/\/api.w.org\/{rel}","templated":true}]}}