{"id":10,"date":"2013-05-17T13:25:03","date_gmt":"2013-05-17T13:25:03","guid":{"rendered":"http:\/\/demos.rafalborowski.com\/wp\/cloudhoster\/?page_id=10"},"modified":"2017-04-18T16:14:54","modified_gmt":"2017-04-18T14:14:54","slug":"diseno-web-getxo-bizkaia","status":"publish","type":"page","link":"https:\/\/www.borjagutierrez.es\/webdeveloper\/","title":{"rendered":"Dise\u00f1o web Getxo Bizkaia"},"content":{"rendered":"<div class=\"white-section\"><div class=\"container\">\n<div class=\"row\">\n<div class=\"span12\">\n<div>\n<h1 style=\"text-align: center;\">La primera impresi\u00f3n es la que vale, aseg\u00farate de que sea la deseada<\/h1>\n<\/div>\n<div>\u00a0<\/div><\/div>\n<\/div>\n<div class=\"row\">\n<div class=\"span4\">\n<h4>S\u00f3lo lo necesario:<\/h4>\n<p style=\"text-align: justify;\">En BG hemos desarrollado una metodolog\u00eda de trabajo para el dise\u00f1o web que nos da la posibilidad de ofrecerte s\u00f3lo aquello que realmente necesitas para tu negocio lo que consigue mejores resultados y precios m\u00e1s asequibles!<\/p>\n<p>Se acab\u00f3 no saber por qu\u00e9 se paga en una p\u00e1gina web, en BG ofrecemos los siguientes servicios:<\/p>\n<ul class=\"features-list\">\n<li><img loading=\"lazy\" decoding=\"async\" class=\"alignnone size-full wp-image-171\" src=\"http:\/\/www.borjagutierrez.es\/webdeveloper\/wp-content\/uploads\/2013\/05\/secure-server.png\" alt=\"secure-server\" width=\"16\" height=\"16\" \/>\u00a0Gran seguridad<\/li>\n<li><img loading=\"lazy\" decoding=\"async\" class=\"alignnone size-full wp-image-172\" src=\"http:\/\/www.borjagutierrez.es\/webdeveloper\/wp-content\/uploads\/2013\/05\/support.png\" alt=\"support\" width=\"16\" height=\"16\" \/>\u00a024\/7 Soporte Mail<\/li>\n<li><img loading=\"lazy\" decoding=\"async\" class=\"alignnone size-full wp-image-174\" src=\"http:\/\/www.borjagutierrez.es\/webdeveloper\/wp-content\/uploads\/2013\/05\/website-builder.png\" alt=\"website-builder\" width=\"16\" height=\"16\" \/>\u00a0Mantenimiento<\/li>\n<li><img loading=\"lazy\" decoding=\"async\" class=\"alignnone size-full wp-image-169\" src=\"http:\/\/www.borjagutierrez.es\/webdeveloper\/wp-content\/uploads\/2013\/05\/iphone-control-panel.png\" alt=\"iphone-control-panel\" width=\"16\" height=\"16\" \/>\u00a0Dise\u00f1os adaptados a dispositivos m\u00f3viles<\/li>\n<li><img loading=\"lazy\" decoding=\"async\" class=\"alignnone size-full wp-image-168\" src=\"http:\/\/www.borjagutierrez.es\/webdeveloper\/wp-content\/uploads\/2013\/05\/ftp.png\" alt=\"ftp\" width=\"16\" height=\"16\" \/>\u00a0Acceso por FTP<\/li>\n<li><img loading=\"lazy\" decoding=\"async\" class=\"alignnone size-full wp-image-165\" src=\"http:\/\/www.borjagutierrez.es\/webdeveloper\/wp-content\/uploads\/2013\/05\/domain-names.png\" alt=\"domain-names\" width=\"16\" height=\"16\" \/>\u00a0Registro de dominios<\/li>\n<li><img loading=\"lazy\" decoding=\"async\" class=\"alignnone size-full wp-image-164\" src=\"http:\/\/www.borjagutierrez.es\/webdeveloper\/wp-content\/uploads\/2013\/05\/dedicated-server.png\" alt=\"dedicated-server\" width=\"16\" height=\"16\" \/>\u00a0Datos replicados<\/li>\n<li><img loading=\"lazy\" decoding=\"async\" class=\"alignnone size-full wp-image-166\" src=\"http:\/\/www.borjagutierrez.es\/webdeveloper\/wp-content\/uploads\/2013\/05\/e-commerce.png\" alt=\"e-commerce\" width=\"16\" height=\"16\" \/>\u00a0Soluciones E-commerce<\/li>\n<li><img loading=\"lazy\" decoding=\"async\" class=\"alignnone size-full wp-image-162\" src=\"http:\/\/www.borjagutierrez.es\/webdeveloper\/wp-content\/uploads\/2013\/05\/database.png\" alt=\"database\" width=\"16\" height=\"16\" \/>\u00a0Bases de datos MySQL &amp; PostageSQL<\/li>\n<li><img loading=\"lazy\" decoding=\"async\" class=\"alignnone size-full wp-image-161\" src=\"http:\/\/www.borjagutierrez.es\/webdeveloper\/wp-content\/uploads\/2013\/05\/control-panel.png\" alt=\"control-panel\" width=\"16\" height=\"16\" \/>\u00a0Panel de gesti\u00f3n<\/li>\n<li><img loading=\"lazy\" decoding=\"async\" class=\"alignnone size-full wp-image-160\" src=\"http:\/\/www.borjagutierrez.es\/webdeveloper\/wp-content\/uploads\/2013\/05\/bandwidth.png\" alt=\"bandwidth\" width=\"16\" height=\"16\" \/>\u00a0Ancho de banda ilimitado<\/li>\n<\/ul>\n<\/div>\n<div class=\"span4\">\n<div class=\"card-feature-bg\"><div class=\"card-feature\">\n<p style=\"text-align: center;\"><img loading=\"lazy\" decoding=\"async\" class=\"size-full wp-image-189 aligncenter\" src=\"http:\/\/www.borjagutierrez.es\/webdeveloper\/wp-content\/uploads\/2013\/05\/web-hosting1.png\" alt=\"Dise\u00f1o p\u00e1gina web\" width=\"48\" height=\"48\" \/><\/p>\n<h5>Dise\u00f1o Web<\/h5>\n<p style=\"text-align: justify;\">Dise\u00f1o web multi idioma <strong>a medida<\/strong> tanto de p\u00e1ginas como tiendas.<\/p>\n<a href=\"diseno-web\" class=\"button simple medium \" target=\"_self\">Planes de dise\u00f1o web <\/a>\n<\/div><\/div>\n<div class=\"card-feature-bg\"><div class=\"card-feature\">\n<p style=\"text-align: center;\"><img loading=\"lazy\" decoding=\"async\" class=\"size-full wp-image-190 aligncenter\" src=\"http:\/\/www.borjagutierrez.es\/webdeveloper\/wp-content\/uploads\/2013\/05\/website-builder1.png\" alt=\"Dise\u00f1o p\u00e1gina web\" width=\"48\" height=\"48\" \/><\/p>\n<h5>Mantenimiento<\/h5>\n<p>Mantenimiento y actualizaci\u00f3n de plataformas y p\u00e1ginas web.<\/p>\n<a href=\"mantenimiento\" class=\"button simple medium \" target=\"_self\">Planes de mantenimiento<\/a>\n<\/div><\/div>\n<\/div>\n<div class=\"span4\">\n<div class=\"card-feature-bg\"><div class=\"card-feature\">\n<p style=\"text-align: center;\"><img loading=\"lazy\" decoding=\"async\" class=\"size-full wp-image-179 aligncenter\" src=\"http:\/\/www.borjagutierrez.es\/webdeveloper\/wp-content\/uploads\/2013\/05\/data-center1.png\" alt=\"Dise\u00f1o p\u00e1gina web\" width=\"48\" height=\"48\" \/><\/p>\n<h5>Alojamiento<\/h5>\n<p style=\"text-align: justify;\">Alojamiento en servidores de \u00faltima generaci\u00f3n.<\/p>\n<a href=\"alojamiento\" class=\"button simple medium \" target=\"_self\">Planes de alojamiento<\/a>\n<\/div><\/div>\n<div class=\"card-feature-bg\"><div class=\"card-feature\">\n<p style=\"text-align: center;\"><img loading=\"lazy\" decoding=\"async\" class=\"alignnone size-full wp-image-191\" src=\"http:\/\/www.borjagutierrez.es\/webdeveloper\/wp-content\/uploads\/2013\/05\/web-space1.png\" alt=\"web-space\" width=\"48\" height=\"48\" \/><\/p>\n<h5>Posicionamiento<\/h5>\n<p style=\"text-align: justify;\">Estudio de puntos d\u00e9biles de las p\u00e1ginas y optimizaci\u00f3n.<\/p>\n<a href=\"posicionamiento\" class=\"button simple medium \" target=\"_self\">Planes de posicionamiento<\/a>\n<\/div><\/div>\n<\/div>\n<\/div>\n<p><span style=\"font-size: 13px; line-height: 19px;\"><div class=\"row\"><\/span><\/p>\n<div class=\"span12\">\n<div>\n<h1 style=\"text-align: center;\"><strong>Algunos de nuestros clientes.<\/strong><\/h1>\n<\/div>\n<div>\n<p>En BG Web Development ofrecemos a tu empresa todos los servicios de Internet necesarios &#8211; Dise\u00f1o Web, Alojamiento, Registro de Dominios, Mantenimiento, Actualizaci\u00f3n de Contenido y de la plataforma, Dise\u00f1os sencillos y avanzados.<\/p>\n<\/div>\n<div class=\"logos\">\n<ul>\n<li><img loading=\"lazy\" decoding=\"async\" class=\"alignnone size-full wp-image-48\" src=\"http:\/\/www.borjagutierrez.es\/webdeveloper\/wp-content\/uploads\/2014\/01\/logo.png\" alt=\"Panamedix\" width=\"200\" height=\"46\" \/><\/li>\n<li><img loading=\"lazy\" decoding=\"async\" class=\"alignnone size-full wp-image-679\" src=\"http:\/\/www.borjagutierrez.es\/webdeveloper\/wp-content\/uploads\/2014\/05\/logo-Eupharlaw.png\" alt=\"\" width=\"259\" height=\"50\" \/><\/li>\n<li><img loading=\"lazy\" decoding=\"async\" class=\"alignnone size-full wp-image-49\" src=\"http:\/\/www.borjagutierrez.es\/webdeveloper\/wp-content\/uploads\/2014\/01\/logo_alana.png\" alt=\"Alana Glass Beads\" width=\"200\" height=\"50\" \/><\/li>\n<li><img loading=\"lazy\" decoding=\"async\" class=\"alignleft wp-image-1178\" src=\"http:\/\/www.borjagutierrez.es\/webdeveloper\/wp-content\/uploads\/2013\/05\/2015-12-29_18-03-16.gif\" alt=\"Dise\u00f1o p\u00e1gina Web\" width=\"200\" height=\"79\" \/><\/li>\n<\/ul>\n<\/div>\n<\/div>\n<\/div>\n<\/div><\/div>\n","protected":false},"excerpt":{"rendered":"","protected":false},"author":1,"featured_media":0,"parent":0,"menu_order":0,"comment_status":"open","ping_status":"open","template":"","meta":{"_exactmetrics_skip_tracking":false,"_exactmetrics_sitenote_active":false,"_exactmetrics_sitenote_note":"","_exactmetrics_sitenote_category":0,"footnotes":""},"class_list":["post-10","page","type-page","status-publish","hentry"],"yoast_head":"<!-- This site is optimized with the Yoast SEO plugin v27.3 - https:\/\/yoast.com\/product\/yoast-seo-wordpress\/ -->\n<title>BG Web Dise\u00f1o web Getxo Bizkaia<\/title>\n<meta name=\"description\" content=\"BG Web Dise\u00f1o web Getxo Bizkaia.Especialistas en p\u00e1ginas Web, tienda online, ecommerce, multidioma, Posicionamiento SEM y SEO, mantenimiento,alojamiento web\" \/>\n<meta name=\"robots\" content=\"index, follow, max-snippet:-1, max-image-preview:large, max-video-preview:-1\" \/>\n<link rel=\"canonical\" href=\"https:\/\/www.borjagutierrez.es\/webdeveloper\/\" \/>\n<meta property=\"og:locale\" content=\"es_ES\" \/>\n<meta property=\"og:type\" content=\"article\" \/>\n<meta property=\"og:title\" content=\"BG Web Dise\u00f1o web Getxo Bizkaia\" \/>\n<meta property=\"og:description\" content=\"BG Web Dise\u00f1o web Getxo Bizkaia.Especialistas en p\u00e1ginas Web, tienda online, ecommerce, multidioma, Posicionamiento SEM y SEO, mantenimiento,alojamiento web\" \/>\n<meta property=\"og:url\" content=\"https:\/\/www.borjagutierrez.es\/webdeveloper\/\" \/>\n<meta property=\"og:site_name\" content=\"BG Web Development, Dise\u00f1o web en Getxo Bizkaia\" \/>\n<meta property=\"article:modified_time\" content=\"2017-04-18T14:14:54+00:00\" \/>\n<meta property=\"og:image\" content=\"http:\/\/www.borjagutierrez.es\/webdeveloper\/wp-content\/uploads\/2013\/05\/secure-server.png\" \/>\n<meta name=\"twitter:card\" content=\"summary_large_image\" \/>\n<meta name=\"twitter:label1\" content=\"Tiempo de lectura\" \/>\n\t<meta name=\"twitter:data1\" content=\"1 minuto\" \/>\n<!-- \/ Yoast SEO plugin. -->","yoast_head_json":{"title":"BG Web Dise\u00f1o web Getxo Bizkaia","description":"BG Web Dise\u00f1o web Getxo Bizkaia.Especialistas en p\u00e1ginas Web, tienda online, ecommerce, multidioma, Posicionamiento SEM y SEO, mantenimiento,alojamiento web","robots":{"index":"index","follow":"follow","max-snippet":"max-snippet:-1","max-image-preview":"max-image-preview:large","max-video-preview":"max-video-preview:-1"},"canonical":"https:\/\/www.borjagutierrez.es\/webdeveloper\/","og_locale":"es_ES","og_type":"article","og_title":"BG Web Dise\u00f1o web Getxo Bizkaia","og_description":"BG Web Dise\u00f1o web Getxo Bizkaia.Especialistas en p\u00e1ginas Web, tienda online, ecommerce, multidioma, Posicionamiento SEM y SEO, mantenimiento,alojamiento web","og_url":"https:\/\/www.borjagutierrez.es\/webdeveloper\/","og_site_name":"BG Web Development, Dise\u00f1o web en Getxo Bizkaia","article_modified_time":"2017-04-18T14:14:54+00:00","og_image":[{"url":"http:\/\/www.borjagutierrez.es\/webdeveloper\/wp-content\/uploads\/2013\/05\/secure-server.png","type":"","width":"","height":""}],"twitter_card":"summary_large_image","twitter_misc":{"Tiempo de lectura":"1 minuto"},"schema":{"@context":"https:\/\/schema.org","@graph":[{"@type":"WebPage","@id":"https:\/\/www.borjagutierrez.es\/webdeveloper\/","url":"https:\/\/www.borjagutierrez.es\/webdeveloper\/","name":"BG Web Dise\u00f1o web Getxo Bizkaia","isPartOf":{"@id":"https:\/\/www.borjagutierrez.es\/webdeveloper\/#website"},"primaryImageOfPage":{"@id":"https:\/\/www.borjagutierrez.es\/webdeveloper\/#primaryimage"},"image":{"@id":"https:\/\/www.borjagutierrez.es\/webdeveloper\/#primaryimage"},"thumbnailUrl":"http:\/\/www.borjagutierrez.es\/webdeveloper\/wp-content\/uploads\/2013\/05\/secure-server.png","datePublished":"2013-05-17T13:25:03+00:00","dateModified":"2017-04-18T14:14:54+00:00","description":"BG Web Dise\u00f1o web Getxo Bizkaia.Especialistas en p\u00e1ginas Web, tienda online, ecommerce, multidioma, Posicionamiento SEM y SEO, mantenimiento,alojamiento web","inLanguage":"es","potentialAction":[{"@type":"ReadAction","target":["https:\/\/www.borjagutierrez.es\/webdeveloper\/"]}]},{"@type":"ImageObject","inLanguage":"es","@id":"https:\/\/www.borjagutierrez.es\/webdeveloper\/#primaryimage","url":"http:\/\/www.borjagutierrez.es\/webdeveloper\/wp-content\/uploads\/2013\/05\/secure-server.png","contentUrl":"http:\/\/www.borjagutierrez.es\/webdeveloper\/wp-content\/uploads\/2013\/05\/secure-server.png"},{"@type":"WebSite","@id":"https:\/\/www.borjagutierrez.es\/webdeveloper\/#website","url":"https:\/\/www.borjagutierrez.es\/webdeveloper\/","name":"BG Web Development, Dise\u00f1o web en Getxo Bizkaia","description":"BG Dise\u00f1o web Getxo Bizkaia, p\u00e1ginas web de f\u00e1cil administraci\u00f3n, especialistas en Tienda online ecommerce, Wordpress, Prestashop, Joomla, PHP","publisher":{"@id":"https:\/\/www.borjagutierrez.es\/webdeveloper\/#organization"},"potentialAction":[{"@type":"SearchAction","target":{"@type":"EntryPoint","urlTemplate":"https:\/\/www.borjagutierrez.es\/webdeveloper\/?s={search_term_string}"},"query-input":{"@type":"PropertyValueSpecification","valueRequired":true,"valueName":"search_term_string"}}],"inLanguage":"es"},{"@type":"Organization","@id":"https:\/\/www.borjagutierrez.es\/webdeveloper\/#organization","name":"BG Web Development, Dise\u00f1o web en Getxo Bizkaia","url":"https:\/\/www.borjagutierrez.es\/webdeveloper\/","logo":{"@type":"ImageObject","inLanguage":"es","@id":"https:\/\/www.borjagutierrez.es\/webdeveloper\/#\/schema\/logo\/image\/","url":"https:\/\/www.borjagutierrez.es\/webdeveloper\/wp-content\/uploads\/2016\/04\/logo_bg-02-e1459979934172.png","contentUrl":"https:\/\/www.borjagutierrez.es\/webdeveloper\/wp-content\/uploads\/2016\/04\/logo_bg-02-e1459979934172.png","width":150,"height":150,"caption":"BG Web Development, Dise\u00f1o web en Getxo Bizkaia"},"image":{"@id":"https:\/\/www.borjagutierrez.es\/webdeveloper\/#\/schema\/logo\/image\/"}}]}},"_links":{"self":[{"href":"https:\/\/www.borjagutierrez.es\/webdeveloper\/wp-json\/wp\/v2\/pages\/10","targetHints":{"allow":["GET"]}}],"collection":[{"href":"https:\/\/www.borjagutierrez.es\/webdeveloper\/wp-json\/wp\/v2\/pages"}],"about":[{"href":"https:\/\/www.borjagutierrez.es\/webdeveloper\/wp-json\/wp\/v2\/types\/page"}],"author":[{"embeddable":true,"href":"https:\/\/www.borjagutierrez.es\/webdeveloper\/wp-json\/wp\/v2\/users\/1"}],"replies":[{"embeddable":true,"href":"https:\/\/www.borjagutierrez.es\/webdeveloper\/wp-json\/wp\/v2\/comments?post=10"}],"version-history":[{"count":3,"href":"https:\/\/www.borjagutierrez.es\/webdeveloper\/wp-json\/wp\/v2\/pages\/10\/revisions"}],"predecessor-version":[{"id":1179,"href":"https:\/\/www.borjagutierrez.es\/webdeveloper\/wp-json\/wp\/v2\/pages\/10\/revisions\/1179"}],"wp:attachment":[{"href":"https:\/\/www.borjagutierrez.es\/webdeveloper\/wp-json\/wp\/v2\/media?parent=10"}],"curies":[{"name":"wp","href":"https:\/\/api.w.org\/{rel}","templated":true}]}}